{"id":1712,"date":"2026-02-10T20:29:15","date_gmt":"2026-02-10T20:29:15","guid":{"rendered":"https:\/\/elektro-koba.hr\/?page_id=1712"},"modified":"2026-02-11T09:36:52","modified_gmt":"2026-02-11T09:36:52","slug":"postavke-kolacica","status":"publish","type":"page","link":"https:\/\/elektro-koba.hr\/en\/postavke-kolacica\/","title":{"rendered":"Cookie settings"},"content":{"rendered":"<div class=\"wp-block-uagb-container uagb-block-7x4mko0b alignfull uagb-is-root-container\"><div class=\"uagb-container-inner-blocks-wrap\">\n<div class=\"wp-block-uagb-info-box uagb-block-vpu4owlv uagb-infobox__content-wrap  uagb-infobox-icon-above-title uagb-infobox-image-valign-top\"><div class=\"uagb-ifb-content\"><div class=\"uagb-ifb-title-wrap\"><h3 class=\"uagb-ifb-title\">RELIABLE ELECTRICAL INSTALLATIONS AND SERVICE<\/h3><\/div><\/div><\/div>\n<\/div><\/div>\n\n\n\n<div style=\"height:37px\" aria-hidden=\"true\" class=\"wp-block-spacer\"><\/div>\n\n\n\n<p class=\"has-medium-font-size\"><strong>WHAT ARE COOKIES?<\/strong><\/p>\n\n\n\n<p>Cookies are small text files stored on your device when visiting a website. They help the site function properly and improve user experience.<\/p>\n\n\n\n<div style=\"height:37px\" aria-hidden=\"true\" class=\"wp-block-spacer\"><\/div>\n\n\n\n<p class=\"has-medium-font-size\"><strong>WHICH COOKIES WE USE<\/strong><\/p>\n\n\n\n<p><strong>Essential cookies<\/strong><br>Required for basic site functionality (e.g. contact form).<br><br><br><strong>Analytics cookies<\/strong><br>Help us understand how visitors use the site (e.g. number of visits).<br><br><br><strong>Marketing cookies<\/strong><br>Currently not used.<br><\/p>\n\n\n\n<div style=\"height:37px\" aria-hidden=\"true\" class=\"wp-block-spacer\"><\/div>\n\n\n\n<p class=\"has-medium-font-size\"><strong>COOKIE MANAGEMENT<\/strong><\/p>\n\n\n\n<p>You can control and delete cookies in your browser settings.<br>Disabling cookies may affect website functionality.<\/p>","protected":false},"excerpt":{"rendered":"<p>\u0160TO SU KOLA\u010cI\u0106I? Kola\u010di\u0107i (cookies) su male tekstualne datoteke koje se spremaju na va\u0161 ure\u0111aj prilikom posjete web stranici. Omogu\u0107uju pravilno funkcioniranje stranice i pobolj\u0161avaju korisni\u010dko iskustvo. KOJE KOLA\u010cI\u0106E KORISTIMO Nu\u017eni kola\u010di\u0107iOmogu\u0107uju osnovne funkcije stranice (npr. forma za kontakt). Stranica bez njih ne mo\u017ee raditi. Statisti\u010dki kola\u010di\u0107iPoma\u017eu nam razumjeti kako posjetitelji koriste stranicu (npr. broj posjeta, popularne stranice). Marketin\u0161ki kola\u010di\u0107iTrenutno ne koristimo marketin\u0161ke kola\u010di\u0107e. UPRAVLJANJE KOLA\u010cI\u0106IMA Kola\u010di\u0107e mo\u017eete kontrolirati i brisati u postavkama va\u0161eg preglednika.Onemogu\u0107avanje kola\u010di\u0107a mo\u017ee utjecati na funkcionalnost stranice.<\/p>","protected":false},"author":1,"featured_media":0,"parent":0,"menu_order":0,"comment_status":"open","ping_status":"closed","template":"","meta":{"_uag_custom_page_level_css":"","site-sidebar-layout":"default","site-content-layout":"","ast-site-content-layout":"default","site-content-style":"default","site-sidebar-style":"default","ast-global-header-display":"","ast-banner-title-visibility":"","ast-main-header-display":"","ast-hfb-above-header-display":"","ast-hfb-below-header-display":"","ast-hfb-mobile-header-display":"","site-post-title":"","ast-breadcrumbs-content":"","ast-featured-img":"","footer-sml-layout":"","ast-disable-related-posts":"","theme-transparent-header-meta":"","adv-header-id-meta":"","stick-header-meta":"","header-above-stick-meta":"","header-main-stick-meta":"","header-below-stick-meta":"","astra-migrate-meta-layouts":"set","ast-page-background-enabled":"default","ast-page-background-meta":{"desktop":{"background-color":"","background-image":"","background-repeat":"repeat","background-position":"center center","background-size":"auto","background-attachment":"scroll","background-type":"","background-media":"","overlay-type":"","overlay-color":"","overlay-opacity":"","overlay-gradient":""},"tablet":{"background-color":"","background-image":"","background-repeat":"repeat","background-position":"center center","background-size":"auto","background-attachment":"scroll","background-type":"","background-media":"","overlay-type":"","overlay-color":"","overlay-opacity":"","overlay-gradient":""},"mobile":{"background-color":"","background-image":"","background-repeat":"repeat","background-position":"center center","background-size":"auto","background-attachment":"scroll","background-type":"","background-media":"","overlay-type":"","overlay-color":"","overlay-opacity":"","overlay-gradient":""}},"ast-content-background-meta":{"desktop":{"background-color":"var(--ast-global-color-4)","background-image":"","background-repeat":"repeat","background-position":"center center","background-size":"auto","background-attachment":"scroll","background-type":"","background-media":"","overlay-type":"","overlay-color":"","overlay-opacity":"","overlay-gradient":""},"tablet":{"background-color":"var(--ast-global-color-4)","background-image":"","background-repeat":"repeat","background-position":"center center","background-size":"auto","background-attachment":"scroll","background-type":"","background-media":"","overlay-type":"","overlay-color":"","overlay-opacity":"","overlay-gradient":""},"mobile":{"background-color":"var(--ast-global-color-4)","background-image":"","background-repeat":"repeat","background-position":"center center","background-size":"auto","background-attachment":"scroll","background-type":"","background-media":"","overlay-type":"","overlay-color":"","overlay-opacity":"","overlay-gradient":""}},"footnotes":""},"class_list":["post-1712","page","type-page","status-publish","hentry"],"aioseo_notices":[],"_hostinger_reach_plugin_has_subscription_block":false,"_hostinger_reach_plugin_is_elementor":false,"uagb_featured_image_src":{"full":false,"thumbnail":false,"medium":false,"medium_large":false,"large":false,"ufg_200_200":false,"ufg_300_300":false,"ufg_400_400":false,"1536x1536":false,"2048x2048":false,"trp-custom-language-flag":false},"uagb_author_info":{"display_name":"kobadoo.info@gmail.com","author_link":"https:\/\/elektro-koba.hr\/en\/author\/kobadoo-infogmail-com\/"},"uagb_comment_info":0,"uagb_excerpt":"\u0160TO SU KOLA\u010cI\u0106I? Kola\u010di\u0107i (cookies) su male tekstualne datoteke koje se spremaju na va\u0161 ure\u0111aj prilikom posjete web stranici. Omogu\u0107uju pravilno funkcioniranje stranice i pobolj\u0161avaju korisni\u010dko iskustvo. KOJE KOLA\u010cI\u0106E KORISTIMO Nu\u017eni kola\u010di\u0107iOmogu\u0107uju osnovne funkcije stranice (npr. forma za kontakt). Stranica bez njih ne mo\u017ee raditi. Statisti\u010dki kola\u010di\u0107iPoma\u017eu nam razumjeti kako posjetitelji koriste stranicu (npr. broj&hellip;","_links":{"self":[{"href":"https:\/\/elektro-koba.hr\/en\/wp-json\/wp\/v2\/pages\/1712","targetHints":{"allow":["GET"]}}],"collection":[{"href":"https:\/\/elektro-koba.hr\/en\/wp-json\/wp\/v2\/pages"}],"about":[{"href":"https:\/\/elektro-koba.hr\/en\/wp-json\/wp\/v2\/types\/page"}],"author":[{"embeddable":true,"href":"https:\/\/elektro-koba.hr\/en\/wp-json\/wp\/v2\/users\/1"}],"replies":[{"embeddable":true,"href":"https:\/\/elektro-koba.hr\/en\/wp-json\/wp\/v2\/comments?post=1712"}],"version-history":[{"count":3,"href":"https:\/\/elektro-koba.hr\/en\/wp-json\/wp\/v2\/pages\/1712\/revisions"}],"predecessor-version":[{"id":1767,"href":"https:\/\/elektro-koba.hr\/en\/wp-json\/wp\/v2\/pages\/1712\/revisions\/1767"}],"wp:attachment":[{"href":"https:\/\/elektro-koba.hr\/en\/wp-json\/wp\/v2\/media?parent=1712"}],"curies":[{"name":"wp","href":"https:\/\/api.w.org\/{rel}","templated":true}]}}