{"id":1715,"date":"2026-02-10T20:32:54","date_gmt":"2026-02-10T20:32:54","guid":{"rendered":"https:\/\/elektro-koba.hr\/?page_id=1715"},"modified":"2026-02-11T09:38:10","modified_gmt":"2026-02-11T09:38:10","slug":"uvjeti-koristenja","status":"publish","type":"page","link":"https:\/\/elektro-koba.hr\/en\/uvjeti-koristenja\/","title":{"rendered":"Terms and conditions"},"content":{"rendered":"<div class=\"wp-block-uagb-container uagb-block-7x4mko0b alignfull uagb-is-root-container\"><div class=\"uagb-container-inner-blocks-wrap\">\n<div class=\"wp-block-uagb-info-box uagb-block-vpu4owlv uagb-infobox__content-wrap  uagb-infobox-icon-above-title uagb-infobox-image-valign-top\"><div class=\"uagb-ifb-content\"><div class=\"uagb-ifb-title-wrap\"><h3 class=\"uagb-ifb-title\">RELIABLE ELECTRICAL INSTALLATIONS AND SERVICE<\/h3><\/div><\/div><\/div>\n<\/div><\/div>\n\n\n\n<div style=\"height:50px\" aria-hidden=\"true\" class=\"wp-block-spacer\"><\/div>\n\n\n\n<p>By using this website, you agree to the following terms:<\/p>\n\n\n\n<p class=\"has-medium-font-size\"><strong>WEBSITE CONTENT<\/strong><\/p>\n\n\n\n<p>All content is for informational purposes only. We reserve the right to modify content without prior notice.<\/p>\n\n\n\n<div style=\"height:50px\" aria-hidden=\"true\" class=\"wp-block-spacer\"><\/div>\n\n\n\n<p class=\"has-medium-font-size\"><strong>LIABILITY<\/strong><\/p>\n\n\n\n<p>We are not responsible for inaccuracies or technical errors.<br>We are not liable for damages caused by using this website.<\/p>\n\n\n\n<div style=\"height:50px\" aria-hidden=\"true\" class=\"wp-block-spacer\"><\/div>\n\n\n\n<p class=\"has-medium-font-size\"><strong>EXTERNAL LINKS<\/strong><\/p>\n\n\n\n<p>This website may contain links to other websites. We are not responsible for their content or privacy policies.<\/p>\n\n\n\n<div style=\"height:50px\" aria-hidden=\"true\" class=\"wp-block-spacer\"><\/div>\n\n\n\n<p class=\"has-medium-font-size\"><strong>INTELLECTUAL PROPERTY<\/strong><\/p>\n\n\n\n<p>All content (text, images, design) belongs to Ko-Ba d.o.o. and may not be copied without permission.<\/p>\n\n\n\n<div style=\"height:50px\" aria-hidden=\"true\" class=\"wp-block-spacer\"><\/div>\n\n\n\n<p class=\"has-medium-font-size\"><strong>CHANGES TO TERMS<\/strong><\/p>\n\n\n\n<p>We reserve the right to change these terms at any time.<\/p>","protected":false},"excerpt":{"rendered":"<p>Kori\u0161tenjem ove web stranice prihva\u0107ate sljede\u0107e uvjete: SADR\u017dAJ STRANICE Sav sadr\u017eaj na stranici slu\u017ei informativnoj svrsi. Zadr\u017eavamo pravo izmjene sadr\u017eaja bez prethodne najave. ODGOVORNOST Ne preuzimamo odgovornost za eventualne neto\u010dnosti ili tehni\u010dke pogre\u0161ke na stranici.Ne odgovaramo za \u0161tetu nastalu kori\u0161tenjem stranice. VANJSKI LINKOVI Stranica mo\u017ee sadr\u017eavati poveznice na druge web stranice. Ne odgovaramo za njihov sadr\u017eaj niti politiku privatnosti. INTELEKTUALNO VLASNI\u0160TVO Svi tekstovi, slike i sadr\u017eaji na ovoj stranici vlasni\u0161tvo su Ko-Ba d.o.o. i ne smiju se kopirati bez dopu\u0161tenja. IZMJENE UVJETA Zadr\u017eavamo pravo izmjene ovih uvjeta u bilo kojem trenutku.<\/p>","protected":false},"author":1,"featured_media":0,"parent":0,"menu_order":0,"comment_status":"open","ping_status":"closed","template":"","meta":{"_uag_custom_page_level_css":"","site-sidebar-layout":"default","site-content-layout":"","ast-site-content-layout":"default","site-content-style":"default","site-sidebar-style":"default","ast-global-header-display":"","ast-banner-title-visibility":"","ast-main-header-display":"","ast-hfb-above-header-display":"","ast-hfb-below-header-display":"","ast-hfb-mobile-header-display":"","site-post-title":"","ast-breadcrumbs-content":"","ast-featured-img":"","footer-sml-layout":"","ast-disable-related-posts":"","theme-transparent-header-meta":"","adv-header-id-meta":"","stick-header-meta":"","header-above-stick-meta":"","header-main-stick-meta":"","header-below-stick-meta":"","astra-migrate-meta-layouts":"set","ast-page-background-enabled":"default","ast-page-background-meta":{"desktop":{"background-color":"","background-image":"","background-repeat":"repeat","background-position":"center center","background-size":"auto","background-attachment":"scroll","background-type":"","background-media":"","overlay-type":"","overlay-color":"","overlay-opacity":"","overlay-gradient":""},"tablet":{"background-color":"","background-image":"","background-repeat":"repeat","background-position":"center center","background-size":"auto","background-attachment":"scroll","background-type":"","background-media":"","overlay-type":"","overlay-color":"","overlay-opacity":"","overlay-gradient":""},"mobile":{"background-color":"","background-image":"","background-repeat":"repeat","background-position":"center center","background-size":"auto","background-attachment":"scroll","background-type":"","background-media":"","overlay-type":"","overlay-color":"","overlay-opacity":"","overlay-gradient":""}},"ast-content-background-meta":{"desktop":{"background-color":"var(--ast-global-color-4)","background-image":"","background-repeat":"repeat","background-position":"center center","background-size":"auto","background-attachment":"scroll","background-type":"","background-media":"","overlay-type":"","overlay-color":"","overlay-opacity":"","overlay-gradient":""},"tablet":{"background-color":"var(--ast-global-color-4)","background-image":"","background-repeat":"repeat","background-position":"center center","background-size":"auto","background-attachment":"scroll","background-type":"","background-media":"","overlay-type":"","overlay-color":"","overlay-opacity":"","overlay-gradient":""},"mobile":{"background-color":"var(--ast-global-color-4)","background-image":"","background-repeat":"repeat","background-position":"center center","background-size":"auto","background-attachment":"scroll","background-type":"","background-media":"","overlay-type":"","overlay-color":"","overlay-opacity":"","overlay-gradient":""}},"footnotes":""},"class_list":["post-1715","page","type-page","status-publish","hentry"],"aioseo_notices":[],"_hostinger_reach_plugin_has_subscription_block":false,"_hostinger_reach_plugin_is_elementor":false,"uagb_featured_image_src":{"full":false,"thumbnail":false,"medium":false,"medium_large":false,"large":false,"ufg_200_200":false,"ufg_300_300":false,"ufg_400_400":false,"1536x1536":false,"2048x2048":false,"trp-custom-language-flag":false},"uagb_author_info":{"display_name":"kobadoo.info@gmail.com","author_link":"https:\/\/elektro-koba.hr\/en\/author\/kobadoo-infogmail-com\/"},"uagb_comment_info":0,"uagb_excerpt":"Kori\u0161tenjem ove web stranice prihva\u0107ate sljede\u0107e uvjete: SADR\u017dAJ STRANICE Sav sadr\u017eaj na stranici slu\u017ei informativnoj svrsi. Zadr\u017eavamo pravo izmjene sadr\u017eaja bez prethodne najave. ODGOVORNOST Ne preuzimamo odgovornost za eventualne neto\u010dnosti ili tehni\u010dke pogre\u0161ke na stranici.Ne odgovaramo za \u0161tetu nastalu kori\u0161tenjem stranice. VANJSKI LINKOVI Stranica mo\u017ee sadr\u017eavati poveznice na druge web stranice. Ne odgovaramo za njihov&hellip;","_links":{"self":[{"href":"https:\/\/elektro-koba.hr\/en\/wp-json\/wp\/v2\/pages\/1715","targetHints":{"allow":["GET"]}}],"collection":[{"href":"https:\/\/elektro-koba.hr\/en\/wp-json\/wp\/v2\/pages"}],"about":[{"href":"https:\/\/elektro-koba.hr\/en\/wp-json\/wp\/v2\/types\/page"}],"author":[{"embeddable":true,"href":"https:\/\/elektro-koba.hr\/en\/wp-json\/wp\/v2\/users\/1"}],"replies":[{"embeddable":true,"href":"https:\/\/elektro-koba.hr\/en\/wp-json\/wp\/v2\/comments?post=1715"}],"version-history":[{"count":3,"href":"https:\/\/elektro-koba.hr\/en\/wp-json\/wp\/v2\/pages\/1715\/revisions"}],"predecessor-version":[{"id":1769,"href":"https:\/\/elektro-koba.hr\/en\/wp-json\/wp\/v2\/pages\/1715\/revisions\/1769"}],"wp:attachment":[{"href":"https:\/\/elektro-koba.hr\/en\/wp-json\/wp\/v2\/media?parent=1715"}],"curies":[{"name":"wp","href":"https:\/\/api.w.org\/{rel}","templated":true}]}}