{"id":1718,"date":"2026-02-10T20:37:16","date_gmt":"2026-02-10T20:37:16","guid":{"rendered":"https:\/\/elektro-koba.hr\/?page_id=1718"},"modified":"2026-02-11T09:29:40","modified_gmt":"2026-02-11T09:29:40","slug":"impressum","status":"publish","type":"page","link":"https:\/\/elektro-koba.hr\/en\/impressum\/","title":{"rendered":"Impressum"},"content":{"rendered":"<div class=\"wp-block-uagb-container uagb-block-7x4mko0b alignfull uagb-is-root-container\"><div class=\"uagb-container-inner-blocks-wrap\">\n<div class=\"wp-block-uagb-info-box uagb-block-vpu4owlv uagb-infobox__content-wrap  uagb-infobox-icon-above-title uagb-infobox-image-valign-top\"><div class=\"uagb-ifb-content\"><div class=\"uagb-ifb-title-wrap\"><h3 class=\"uagb-ifb-title\">RELIABLE ELECTRICAL INSTALLATIONS AND SERVICE<\/h3><\/div><\/div><\/div>\n<\/div><\/div>\n\n\n\n<div style=\"height:40px\" aria-hidden=\"true\" class=\"wp-block-spacer\"><\/div>\n\n\n\n<p><strong>NAME:<\/strong>: Ko-Ba d.o.o.<\/p>\n\n\n\n<p><strong>ADDRESS<\/strong><br>Baj\u010di\u0107i 13A<br>51500 Krk<br>Croatia<\/p>\n\n\n\n<p><strong>PHONE NUMBER<\/strong><br><a href=\"tel:+385915672866\" title=\"\">+385 (0) 91 567 2866<\/a><br><a href=\"tel:+385919138470\" title=\"\">+385 (0) 91 913 8470<\/a><\/p>\n\n\n\n<p><strong>E-MAIL: <\/strong><a href=\"mailto:kobadoo.info@gmail.com\" title=\"\">kobadoo.info@gmail.com<\/a><\/p>\n\n\n\n<p><strong>OIB: <\/strong>46255237581<\/p>\n\n\n\n<p><strong>RESPONSIBLE PERSONS<\/strong><br>Mateo Baji\u0107<br>Ivan Kosi\u0107<\/p>\n\n\n\n<p><strong>ACTIVITY: <\/strong>Electrical installations<\/p>","protected":false},"excerpt":{"rendered":"<p>NAZIV PODUZE\u0106A: Ko-Ba d.o.o. ADRESABaj\u010di\u0107i 13A51500 KrkHrvatska TELEFON+385 (0) 91 567 2866+385 (0) 91 913 8470 E-MAIL: kobadoo.info@gmail.com OIB: 46255237581 ODGOVORNE OSOBEMateo Baji\u0107Ivan Kosi\u0107 DJELATNOST: Elektroinstalacije<\/p>","protected":false},"author":1,"featured_media":0,"parent":0,"menu_order":0,"comment_status":"open","ping_status":"closed","template":"","meta":{"_uag_custom_page_level_css":"","site-sidebar-layout":"default","site-content-layout":"","ast-site-content-layout":"default","site-content-style":"default","site-sidebar-style":"default","ast-global-header-display":"","ast-banner-title-visibility":"","ast-main-header-display":"","ast-hfb-above-header-display":"","ast-hfb-below-header-display":"","ast-hfb-mobile-header-display":"","site-post-title":"","ast-breadcrumbs-content":"","ast-featured-img":"","footer-sml-layout":"","ast-disable-related-posts":"","theme-transparent-header-meta":"","adv-header-id-meta":"","stick-header-meta":"","header-above-stick-meta":"","header-main-stick-meta":"","header-below-stick-meta":"","astra-migrate-meta-layouts":"set","ast-page-background-enabled":"default","ast-page-background-meta":{"desktop":{"background-color":"","background-image":"","background-repeat":"repeat","background-position":"center center","background-size":"auto","background-attachment":"scroll","background-type":"","background-media":"","overlay-type":"","overlay-color":"","overlay-opacity":"","overlay-gradient":""},"tablet":{"background-color":"","background-image":"","background-repeat":"repeat","background-position":"center center","background-size":"auto","background-attachment":"scroll","background-type":"","background-media":"","overlay-type":"","overlay-color":"","overlay-opacity":"","overlay-gradient":""},"mobile":{"background-color":"","background-image":"","background-repeat":"repeat","background-position":"center center","background-size":"auto","background-attachment":"scroll","background-type":"","background-media":"","overlay-type":"","overlay-color":"","overlay-opacity":"","overlay-gradient":""}},"ast-content-background-meta":{"desktop":{"background-color":"var(--ast-global-color-4)","background-image":"","background-repeat":"repeat","background-position":"center center","background-size":"auto","background-attachment":"scroll","background-type":"","background-media":"","overlay-type":"","overlay-color":"","overlay-opacity":"","overlay-gradient":""},"tablet":{"background-color":"var(--ast-global-color-4)","background-image":"","background-repeat":"repeat","background-position":"center center","background-size":"auto","background-attachment":"scroll","background-type":"","background-media":"","overlay-type":"","overlay-color":"","overlay-opacity":"","overlay-gradient":""},"mobile":{"background-color":"var(--ast-global-color-4)","background-image":"","background-repeat":"repeat","background-position":"center center","background-size":"auto","background-attachment":"scroll","background-type":"","background-media":"","overlay-type":"","overlay-color":"","overlay-opacity":"","overlay-gradient":""}},"footnotes":""},"class_list":["post-1718","page","type-page","status-publish","hentry"],"aioseo_notices":[],"_hostinger_reach_plugin_has_subscription_block":false,"_hostinger_reach_plugin_is_elementor":false,"uagb_featured_image_src":{"full":false,"thumbnail":false,"medium":false,"medium_large":false,"large":false,"ufg_200_200":false,"ufg_300_300":false,"ufg_400_400":false,"1536x1536":false,"2048x2048":false,"trp-custom-language-flag":false},"uagb_author_info":{"display_name":"kobadoo.info@gmail.com","author_link":"https:\/\/elektro-koba.hr\/en\/author\/kobadoo-infogmail-com\/"},"uagb_comment_info":0,"uagb_excerpt":"NAZIV PODUZE\u0106A: Ko-Ba d.o.o. ADRESABaj\u010di\u0107i 13A51500 KrkHrvatska TELEFON+385 (0) 91 567 2866+385 (0) 91 913 8470 E-MAIL: kobadoo.info@gmail.com OIB: 46255237581 ODGOVORNE OSOBEMateo Baji\u0107Ivan Kosi\u0107 DJELATNOST: Elektroinstalacije","_links":{"self":[{"href":"https:\/\/elektro-koba.hr\/en\/wp-json\/wp\/v2\/pages\/1718","targetHints":{"allow":["GET"]}}],"collection":[{"href":"https:\/\/elektro-koba.hr\/en\/wp-json\/wp\/v2\/pages"}],"about":[{"href":"https:\/\/elektro-koba.hr\/en\/wp-json\/wp\/v2\/types\/page"}],"author":[{"embeddable":true,"href":"https:\/\/elektro-koba.hr\/en\/wp-json\/wp\/v2\/users\/1"}],"replies":[{"embeddable":true,"href":"https:\/\/elektro-koba.hr\/en\/wp-json\/wp\/v2\/comments?post=1718"}],"version-history":[{"count":4,"href":"https:\/\/elektro-koba.hr\/en\/wp-json\/wp\/v2\/pages\/1718\/revisions"}],"predecessor-version":[{"id":1758,"href":"https:\/\/elektro-koba.hr\/en\/wp-json\/wp\/v2\/pages\/1718\/revisions\/1758"}],"wp:attachment":[{"href":"https:\/\/elektro-koba.hr\/en\/wp-json\/wp\/v2\/media?parent=1718"}],"curies":[{"name":"wp","href":"https:\/\/api.w.org\/{rel}","templated":true}]}}