{"id":1865,"date":"2026-02-11T15:38:24","date_gmt":"2026-02-11T15:38:24","guid":{"rendered":"https:\/\/elektro-koba.hr\/?page_id=1865"},"modified":"2026-02-11T16:58:14","modified_gmt":"2026-02-11T16:58:14","slug":"adaptacija","status":"publish","type":"page","link":"https:\/\/elektro-koba.hr\/en\/adaptacija\/","title":{"rendered":"Renovation"},"content":{"rendered":"<div class=\"wp-block-uagb-container uagb-block-qxlyqbyc alignfull uagb-is-root-container\"><div class=\"uagb-container-inner-blocks-wrap\">\n<div class=\"wp-block-uagb-info-box uagb-block-sp1arq91 uagb-infobox__content-wrap  uagb-infobox-icon-above-title uagb-infobox-image-valign-top\"><div class=\"uagb-ifb-content\"><div class=\"uagb-ifb-title-wrap\"><h2 class=\"uagb-ifb-title\">RENOVATION<\/h2><\/div><\/div><\/div>\n<\/div><\/div>\n\n\n\n<div class=\"wp-block-uagb-container uagb-block-b24c1b78 alignfull uagb-is-root-container\"><div class=\"uagb-container-inner-blocks-wrap\">\n<div class=\"wp-block-uagb-container uagb-block-4959065f\">\n<div class=\"wp-block-uagb-advanced-heading uagb-block-2c67c9f9\"><div class=\"uagb-heading-text\">We perform complete replacement and renovation of electrical installations in apartments, houses, and commercial spaces.<br>Old and unsafe systems are replaced with modern, safe, and functional solutions.<br><br>Services include:<br>\u2022 replacement of old installations<br>\u2022 relocation of sockets and switches<br>\u2022 new distribution panel and circuit breakers<br>\u2022 preparation for kitchen, lighting, and appliances<br>\u2022 adapting existing systems to new needs<br><br>Safe, clean, and without unnecessary wall breaking \u2014 fully adapted to your space.<\/div><\/div>\n<\/div>\n<\/div><\/div>\n\n\n\n<div class=\"wp-block-uagb-container uagb-block-fbabe370 alignfull uagb-is-root-container\"><div class=\"uagb-container-inner-blocks-wrap\">\n<figure class=\"wp-block-gallery has-nested-images columns-default is-cropped wp-block-gallery-1 is-layout-flex wp-block-gallery-is-layout-flex\">\n<figure class=\"wp-block-image size-large\"><img fetchpriority=\"high\" decoding=\"async\" width=\"1024\" height=\"768\" data-id=\"1874\" src=\"https:\/\/elektro-koba.hr\/wp-content\/uploads\/2026\/02\/IMG_2401-1024x768.jpg\" alt=\"\" class=\"wp-image-1874\" srcset=\"https:\/\/elektro-koba.hr\/wp-content\/uploads\/2026\/02\/IMG_2401-1024x768.jpg 1024w, https:\/\/elektro-koba.hr\/wp-content\/uploads\/2026\/02\/IMG_2401-300x225.jpg 300w, https:\/\/elektro-koba.hr\/wp-content\/uploads\/2026\/02\/IMG_2401-768x576.jpg 768w, https:\/\/elektro-koba.hr\/wp-content\/uploads\/2026\/02\/IMG_2401-1536x1152.jpg 1536w, https:\/\/elektro-koba.hr\/wp-content\/uploads\/2026\/02\/IMG_2401-2048x1536.jpg 2048w\" sizes=\"(max-width: 1024px) 100vw, 1024px\" \/><\/figure>\n\n\n\n<figure class=\"wp-block-image size-large\"><img decoding=\"async\" width=\"768\" height=\"1024\" data-id=\"1873\" src=\"https:\/\/elektro-koba.hr\/wp-content\/uploads\/2026\/02\/IMG_2406-768x1024.jpg\" alt=\"\" class=\"wp-image-1873\" srcset=\"https:\/\/elektro-koba.hr\/wp-content\/uploads\/2026\/02\/IMG_2406-768x1024.jpg 768w, https:\/\/elektro-koba.hr\/wp-content\/uploads\/2026\/02\/IMG_2406-225x300.jpg 225w, https:\/\/elektro-koba.hr\/wp-content\/uploads\/2026\/02\/IMG_2406-1152x1536.jpg 1152w, https:\/\/elektro-koba.hr\/wp-content\/uploads\/2026\/02\/IMG_2406-1536x2048.jpg 1536w, https:\/\/elektro-koba.hr\/wp-content\/uploads\/2026\/02\/IMG_2406-scaled.jpg 1920w\" sizes=\"(max-width: 768px) 100vw, 768px\" \/><\/figure>\n\n\n\n<figure class=\"wp-block-image size-large\"><img decoding=\"async\" width=\"768\" height=\"1024\" data-id=\"1872\" src=\"https:\/\/elektro-koba.hr\/wp-content\/uploads\/2026\/02\/IMG_2409-768x1024.jpg\" alt=\"\" class=\"wp-image-1872\" srcset=\"https:\/\/elektro-koba.hr\/wp-content\/uploads\/2026\/02\/IMG_2409-768x1024.jpg 768w, https:\/\/elektro-koba.hr\/wp-content\/uploads\/2026\/02\/IMG_2409-225x300.jpg 225w, https:\/\/elektro-koba.hr\/wp-content\/uploads\/2026\/02\/IMG_2409-1152x1536.jpg 1152w, https:\/\/elektro-koba.hr\/wp-content\/uploads\/2026\/02\/IMG_2409-1536x2048.jpg 1536w, https:\/\/elektro-koba.hr\/wp-content\/uploads\/2026\/02\/IMG_2409-scaled.jpg 1920w\" sizes=\"(max-width: 768px) 100vw, 768px\" \/><\/figure>\n\n\n\n<figure class=\"wp-block-image size-large\"><img loading=\"lazy\" decoding=\"async\" width=\"768\" height=\"1024\" data-id=\"1875\" src=\"https:\/\/elektro-koba.hr\/wp-content\/uploads\/2026\/02\/IMG_4272-768x1024.jpg\" alt=\"\" class=\"wp-image-1875\" srcset=\"https:\/\/elektro-koba.hr\/wp-content\/uploads\/2026\/02\/IMG_4272-768x1024.jpg 768w, https:\/\/elektro-koba.hr\/wp-content\/uploads\/2026\/02\/IMG_4272-225x300.jpg 225w, https:\/\/elektro-koba.hr\/wp-content\/uploads\/2026\/02\/IMG_4272-1152x1536.jpg 1152w, https:\/\/elektro-koba.hr\/wp-content\/uploads\/2026\/02\/IMG_4272-1536x2048.jpg 1536w, https:\/\/elektro-koba.hr\/wp-content\/uploads\/2026\/02\/IMG_4272-scaled.jpg 1920w\" sizes=\"(max-width: 768px) 100vw, 768px\" \/><\/figure>\n\n\n\n<figure class=\"wp-block-image size-large\"><img loading=\"lazy\" decoding=\"async\" width=\"768\" height=\"1024\" data-id=\"1877\" src=\"https:\/\/elektro-koba.hr\/wp-content\/uploads\/2026\/02\/IMG_4277-768x1024.jpg\" alt=\"\" class=\"wp-image-1877\" srcset=\"https:\/\/elektro-koba.hr\/wp-content\/uploads\/2026\/02\/IMG_4277-768x1024.jpg 768w, https:\/\/elektro-koba.hr\/wp-content\/uploads\/2026\/02\/IMG_4277-225x300.jpg 225w, https:\/\/elektro-koba.hr\/wp-content\/uploads\/2026\/02\/IMG_4277-1152x1536.jpg 1152w, https:\/\/elektro-koba.hr\/wp-content\/uploads\/2026\/02\/IMG_4277-1536x2048.jpg 1536w, https:\/\/elektro-koba.hr\/wp-content\/uploads\/2026\/02\/IMG_4277-scaled.jpg 1920w\" sizes=\"(max-width: 768px) 100vw, 768px\" \/><\/figure>\n\n\n\n<figure class=\"wp-block-image size-large\"><img loading=\"lazy\" decoding=\"async\" width=\"768\" height=\"1024\" data-id=\"1876\" src=\"https:\/\/elektro-koba.hr\/wp-content\/uploads\/2026\/02\/IMG_4280-1-768x1024.jpg\" alt=\"\" class=\"wp-image-1876\" srcset=\"https:\/\/elektro-koba.hr\/wp-content\/uploads\/2026\/02\/IMG_4280-1-768x1024.jpg 768w, https:\/\/elektro-koba.hr\/wp-content\/uploads\/2026\/02\/IMG_4280-1-225x300.jpg 225w, https:\/\/elektro-koba.hr\/wp-content\/uploads\/2026\/02\/IMG_4280-1-1152x1536.jpg 1152w, https:\/\/elektro-koba.hr\/wp-content\/uploads\/2026\/02\/IMG_4280-1-1536x2048.jpg 1536w, https:\/\/elektro-koba.hr\/wp-content\/uploads\/2026\/02\/IMG_4280-1-scaled.jpg 1920w\" sizes=\"(max-width: 768px) 100vw, 768px\" \/><\/figure>\n\n\n\n<figure class=\"wp-block-image size-large\"><img loading=\"lazy\" decoding=\"async\" width=\"1024\" height=\"768\" data-id=\"1878\" src=\"https:\/\/elektro-koba.hr\/wp-content\/uploads\/2026\/02\/IMG-20260125-WA0003-1024x768.jpg\" alt=\"\" class=\"wp-image-1878\" srcset=\"https:\/\/elektro-koba.hr\/wp-content\/uploads\/2026\/02\/IMG-20260125-WA0003-1024x768.jpg 1024w, https:\/\/elektro-koba.hr\/wp-content\/uploads\/2026\/02\/IMG-20260125-WA0003-300x225.jpg 300w, https:\/\/elektro-koba.hr\/wp-content\/uploads\/2026\/02\/IMG-20260125-WA0003-768x576.jpg 768w, https:\/\/elektro-koba.hr\/wp-content\/uploads\/2026\/02\/IMG-20260125-WA0003-1536x1152.jpg 1536w, https:\/\/elektro-koba.hr\/wp-content\/uploads\/2026\/02\/IMG-20260125-WA0003.jpg 2000w\" sizes=\"(max-width: 1024px) 100vw, 1024px\" \/><\/figure>\n\n\n\n<figure class=\"wp-block-image size-large\"><img loading=\"lazy\" decoding=\"async\" width=\"768\" height=\"1024\" data-id=\"1880\" src=\"https:\/\/elektro-koba.hr\/wp-content\/uploads\/2026\/02\/IMG-20260125-WA0006-768x1024.jpg\" alt=\"\" class=\"wp-image-1880\" srcset=\"https:\/\/elektro-koba.hr\/wp-content\/uploads\/2026\/02\/IMG-20260125-WA0006-768x1024.jpg 768w, https:\/\/elektro-koba.hr\/wp-content\/uploads\/2026\/02\/IMG-20260125-WA0006-225x300.jpg 225w, https:\/\/elektro-koba.hr\/wp-content\/uploads\/2026\/02\/IMG-20260125-WA0006-1152x1536.jpg 1152w, https:\/\/elektro-koba.hr\/wp-content\/uploads\/2026\/02\/IMG-20260125-WA0006.jpg 1500w\" sizes=\"(max-width: 768px) 100vw, 768px\" \/><\/figure>\n\n\n\n<figure class=\"wp-block-image size-large\"><img loading=\"lazy\" decoding=\"async\" width=\"768\" height=\"1024\" data-id=\"1879\" src=\"https:\/\/elektro-koba.hr\/wp-content\/uploads\/2026\/02\/IMG-20260125-WA0008-768x1024.jpg\" alt=\"\" class=\"wp-image-1879\" srcset=\"https:\/\/elektro-koba.hr\/wp-content\/uploads\/2026\/02\/IMG-20260125-WA0008-768x1024.jpg 768w, https:\/\/elektro-koba.hr\/wp-content\/uploads\/2026\/02\/IMG-20260125-WA0008-225x300.jpg 225w, https:\/\/elektro-koba.hr\/wp-content\/uploads\/2026\/02\/IMG-20260125-WA0008-1152x1536.jpg 1152w, https:\/\/elektro-koba.hr\/wp-content\/uploads\/2026\/02\/IMG-20260125-WA0008.jpg 1500w\" sizes=\"(max-width: 768px) 100vw, 768px\" \/><\/figure>\n\n\n\n<figure class=\"wp-block-image size-large\"><img loading=\"lazy\" decoding=\"async\" width=\"768\" height=\"1024\" data-id=\"1882\" src=\"https:\/\/elektro-koba.hr\/wp-content\/uploads\/2026\/02\/IMG-20251205-WA0003-2-768x1024.jpg\" alt=\"\" class=\"wp-image-1882\" srcset=\"https:\/\/elektro-koba.hr\/wp-content\/uploads\/2026\/02\/IMG-20251205-WA0003-2-768x1024.jpg 768w, https:\/\/elektro-koba.hr\/wp-content\/uploads\/2026\/02\/IMG-20251205-WA0003-2-225x300.jpg 225w, https:\/\/elektro-koba.hr\/wp-content\/uploads\/2026\/02\/IMG-20251205-WA0003-2-1152x1536.jpg 1152w, https:\/\/elektro-koba.hr\/wp-content\/uploads\/2026\/02\/IMG-20251205-WA0003-2.jpg 1200w\" sizes=\"(max-width: 768px) 100vw, 768px\" \/><\/figure>\n\n\n\n<figure class=\"wp-block-image size-large\"><img loading=\"lazy\" decoding=\"async\" width=\"768\" height=\"1024\" data-id=\"1881\" src=\"https:\/\/elektro-koba.hr\/wp-content\/uploads\/2026\/02\/IMG-20251205-WA0018-768x1024.jpg\" alt=\"\" class=\"wp-image-1881\" srcset=\"https:\/\/elektro-koba.hr\/wp-content\/uploads\/2026\/02\/IMG-20251205-WA0018-768x1024.jpg 768w, https:\/\/elektro-koba.hr\/wp-content\/uploads\/2026\/02\/IMG-20251205-WA0018-225x300.jpg 225w, https:\/\/elektro-koba.hr\/wp-content\/uploads\/2026\/02\/IMG-20251205-WA0018-1152x1536.jpg 1152w, https:\/\/elektro-koba.hr\/wp-content\/uploads\/2026\/02\/IMG-20251205-WA0018.jpg 1200w\" sizes=\"(max-width: 768px) 100vw, 768px\" \/><\/figure>\n\n\n\n<figure class=\"wp-block-image size-large\"><img loading=\"lazy\" decoding=\"async\" width=\"768\" height=\"1024\" data-id=\"1883\" src=\"https:\/\/elektro-koba.hr\/wp-content\/uploads\/2026\/02\/IMG-20251205-WA0032-768x1024.jpg\" alt=\"\" class=\"wp-image-1883\" srcset=\"https:\/\/elektro-koba.hr\/wp-content\/uploads\/2026\/02\/IMG-20251205-WA0032-768x1024.jpg 768w, https:\/\/elektro-koba.hr\/wp-content\/uploads\/2026\/02\/IMG-20251205-WA0032-225x300.jpg 225w, https:\/\/elektro-koba.hr\/wp-content\/uploads\/2026\/02\/IMG-20251205-WA0032-1152x1536.jpg 1152w, https:\/\/elektro-koba.hr\/wp-content\/uploads\/2026\/02\/IMG-20251205-WA0032.jpg 1200w\" sizes=\"(max-width: 768px) 100vw, 768px\" \/><\/figure>\n\n\n\n<figure class=\"wp-block-image size-large\"><img loading=\"lazy\" decoding=\"async\" width=\"768\" height=\"1024\" data-id=\"1884\" src=\"https:\/\/elektro-koba.hr\/wp-content\/uploads\/2026\/02\/IMG_2017-1-768x1024.jpg\" alt=\"\" class=\"wp-image-1884\" srcset=\"https:\/\/elektro-koba.hr\/wp-content\/uploads\/2026\/02\/IMG_2017-1-768x1024.jpg 768w, https:\/\/elektro-koba.hr\/wp-content\/uploads\/2026\/02\/IMG_2017-1-225x300.jpg 225w, https:\/\/elektro-koba.hr\/wp-content\/uploads\/2026\/02\/IMG_2017-1-1152x1536.jpg 1152w, https:\/\/elektro-koba.hr\/wp-content\/uploads\/2026\/02\/IMG_2017-1-1536x2048.jpg 1536w, https:\/\/elektro-koba.hr\/wp-content\/uploads\/2026\/02\/IMG_2017-1-scaled.jpg 1920w\" sizes=\"(max-width: 768px) 100vw, 768px\" \/><\/figure>\n\n\n\n<figure class=\"wp-block-image size-large\"><img loading=\"lazy\" decoding=\"async\" width=\"768\" height=\"1024\" data-id=\"1885\" src=\"https:\/\/elektro-koba.hr\/wp-content\/uploads\/2026\/02\/IMG_2018-768x1024.jpg\" alt=\"\" class=\"wp-image-1885\" srcset=\"https:\/\/elektro-koba.hr\/wp-content\/uploads\/2026\/02\/IMG_2018-768x1024.jpg 768w, https:\/\/elektro-koba.hr\/wp-content\/uploads\/2026\/02\/IMG_2018-225x300.jpg 225w, https:\/\/elektro-koba.hr\/wp-content\/uploads\/2026\/02\/IMG_2018-1152x1536.jpg 1152w, https:\/\/elektro-koba.hr\/wp-content\/uploads\/2026\/02\/IMG_2018-1536x2048.jpg 1536w, https:\/\/elektro-koba.hr\/wp-content\/uploads\/2026\/02\/IMG_2018-scaled.jpg 1920w\" sizes=\"(max-width: 768px) 100vw, 768px\" \/><\/figure>\n\n\n\n<figure class=\"wp-block-image size-large\"><img loading=\"lazy\" decoding=\"async\" width=\"768\" height=\"1024\" data-id=\"1886\" src=\"https:\/\/elektro-koba.hr\/wp-content\/uploads\/2026\/02\/IMG_2473-768x1024.jpg\" alt=\"\" class=\"wp-image-1886\" srcset=\"https:\/\/elektro-koba.hr\/wp-content\/uploads\/2026\/02\/IMG_2473-768x1024.jpg 768w, https:\/\/elektro-koba.hr\/wp-content\/uploads\/2026\/02\/IMG_2473-225x300.jpg 225w, https:\/\/elektro-koba.hr\/wp-content\/uploads\/2026\/02\/IMG_2473-1152x1536.jpg 1152w, https:\/\/elektro-koba.hr\/wp-content\/uploads\/2026\/02\/IMG_2473-1536x2048.jpg 1536w, https:\/\/elektro-koba.hr\/wp-content\/uploads\/2026\/02\/IMG_2473-scaled.jpg 1920w\" sizes=\"(max-width: 768px) 100vw, 768px\" \/><\/figure>\n<\/figure>\n<\/div><\/div>","protected":false},"excerpt":{"rendered":"<p>Izvodimo kompletnu zamjenu i obnovu elektroinstalacija u stanovima, ku\u0107ama i poslovnim prostorima.Stare i nesigurne instalacije zamjenjujemo modernim, sigurnim i funkcionalnim rje\u0161enjima. Usluge uklju\u010duju:\u2022 zamjenu starih instalacija\u2022 pomicanje uti\u010dnica i prekida\u010da\u2022 novi razvodni ormari\u0107 i osigura\u010de\u2022 pripremu za kuhinju, rasvjetu i ure\u0111aje\u2022 prilagodbu postoje\u0107eg sustava novim potrebama Sigurno, uredno i bez nepotrebnih razbijanja \u2013 maksimalno prilago\u0111eno prostoru.<\/p>","protected":false},"author":1,"featured_media":0,"parent":0,"menu_order":0,"comment_status":"closed","ping_status":"closed","template":"","meta":{"_uag_custom_page_level_css":"","site-sidebar-layout":"default","site-content-layout":"","ast-site-content-layout":"default","site-content-style":"default","site-sidebar-style":"default","ast-global-header-display":"","ast-banner-title-visibility":"","ast-main-header-display":"","ast-hfb-above-header-display":"","ast-hfb-below-header-display":"","ast-hfb-mobile-header-display":"","site-post-title":"disabled","ast-breadcrumbs-content":"","ast-featured-img":"","footer-sml-layout":"","ast-disable-related-posts":"","theme-transparent-header-meta":"","adv-header-id-meta":"","stick-header-meta":"","header-above-stick-meta":"","header-main-stick-meta":"","header-below-stick-meta":"","astra-migrate-meta-layouts":"set","ast-page-background-enabled":"default","ast-page-background-meta":{"desktop":{"background-color":"","background-image":"","background-repeat":"repeat","background-position":"center center","background-size":"auto","background-attachment":"scroll","background-type":"","background-media":"","overlay-type":"","overlay-color":"","overlay-opacity":"","overlay-gradient":""},"tablet":{"background-color":"","background-image":"","background-repeat":"repeat","background-position":"center center","background-size":"auto","background-attachment":"scroll","background-type":"","background-media":"","overlay-type":"","overlay-color":"","overlay-opacity":"","overlay-gradient":""},"mobile":{"background-color":"","background-image":"","background-repeat":"repeat","background-position":"center center","background-size":"auto","background-attachment":"scroll","background-type":"","background-media":"","overlay-type":"","overlay-color":"","overlay-opacity":"","overlay-gradient":""}},"ast-content-background-meta":{"desktop":{"background-color":"var(--ast-global-color-4)","background-image":"","background-repeat":"repeat","background-position":"center center","background-size":"auto","background-attachment":"scroll","background-type":"","background-media":"","overlay-type":"","overlay-color":"","overlay-opacity":"","overlay-gradient":""},"tablet":{"background-color":"var(--ast-global-color-4)","background-image":"","background-repeat":"repeat","background-position":"center center","background-size":"auto","background-attachment":"scroll","background-type":"","background-media":"","overlay-type":"","overlay-color":"","overlay-opacity":"","overlay-gradient":""},"mobile":{"background-color":"var(--ast-global-color-4)","background-image":"","background-repeat":"repeat","background-position":"center center","background-size":"auto","background-attachment":"scroll","background-type":"","background-media":"","overlay-type":"","overlay-color":"","overlay-opacity":"","overlay-gradient":""}},"footnotes":""},"class_list":["post-1865","page","type-page","status-publish","hentry"],"aioseo_notices":[],"_hostinger_reach_plugin_has_subscription_block":false,"_hostinger_reach_plugin_is_elementor":false,"uagb_featured_image_src":{"full":false,"thumbnail":false,"medium":false,"medium_large":false,"large":false,"ufg_200_200":false,"ufg_300_300":false,"ufg_400_400":false,"1536x1536":false,"2048x2048":false,"trp-custom-language-flag":false},"uagb_author_info":{"display_name":"kobadoo.info@gmail.com","author_link":"https:\/\/elektro-koba.hr\/en\/author\/kobadoo-infogmail-com\/"},"uagb_comment_info":0,"uagb_excerpt":"Izvodimo kompletnu zamjenu i obnovu elektroinstalacija u stanovima, ku\u0107ama i poslovnim prostorima.Stare i nesigurne instalacije zamjenjujemo modernim, sigurnim i funkcionalnim rje\u0161enjima. Usluge uklju\u010duju:\u2022 zamjenu starih instalacija\u2022 pomicanje uti\u010dnica i prekida\u010da\u2022 novi razvodni ormari\u0107 i osigura\u010de\u2022 pripremu za kuhinju, rasvjetu i ure\u0111aje\u2022 prilagodbu postoje\u0107eg sustava novim potrebama Sigurno, uredno i bez nepotrebnih razbijanja \u2013 maksimalno prilago\u0111eno&hellip;","_links":{"self":[{"href":"https:\/\/elektro-koba.hr\/en\/wp-json\/wp\/v2\/pages\/1865","targetHints":{"allow":["GET"]}}],"collection":[{"href":"https:\/\/elektro-koba.hr\/en\/wp-json\/wp\/v2\/pages"}],"about":[{"href":"https:\/\/elektro-koba.hr\/en\/wp-json\/wp\/v2\/types\/page"}],"author":[{"embeddable":true,"href":"https:\/\/elektro-koba.hr\/en\/wp-json\/wp\/v2\/users\/1"}],"replies":[{"embeddable":true,"href":"https:\/\/elektro-koba.hr\/en\/wp-json\/wp\/v2\/comments?post=1865"}],"version-history":[{"count":3,"href":"https:\/\/elektro-koba.hr\/en\/wp-json\/wp\/v2\/pages\/1865\/revisions"}],"predecessor-version":[{"id":2008,"href":"https:\/\/elektro-koba.hr\/en\/wp-json\/wp\/v2\/pages\/1865\/revisions\/2008"}],"wp:attachment":[{"href":"https:\/\/elektro-koba.hr\/en\/wp-json\/wp\/v2\/media?parent=1865"}],"curies":[{"name":"wp","href":"https:\/\/api.w.org\/{rel}","templated":true}]}}