{"id":1888,"date":"2026-02-11T15:42:48","date_gmt":"2026-02-11T15:42:48","guid":{"rendered":"https:\/\/elektro-koba.hr\/?page_id=1888"},"modified":"2026-02-11T16:57:51","modified_gmt":"2026-02-11T16:57:51","slug":"rasvjeta","status":"publish","type":"page","link":"https:\/\/elektro-koba.hr\/en\/rasvjeta\/","title":{"rendered":"Lighting"},"content":{"rendered":"<div class=\"wp-block-uagb-container uagb-block-9giahjjl alignfull uagb-is-root-container\">\n<div class=\"wp-block-uagb-info-box uagb-block-jfqtjb8d uagb-infobox__content-wrap  uagb-infobox-icon-above-title uagb-infobox-image-valign-top\"><div class=\"uagb-ifb-content\"><div class=\"uagb-ifb-title-wrap\"><h2 class=\"uagb-ifb-title\">LIGHTING<\/h2><\/div><\/div><\/div>\n<\/div>\n\n\n\n<div class=\"wp-block-uagb-container uagb-block-b24c1b78 alignfull uagb-is-root-container\"><div class=\"uagb-container-inner-blocks-wrap\">\n<div class=\"wp-block-uagb-container uagb-block-4959065f\">\n<div class=\"wp-block-uagb-advanced-heading uagb-block-2c67c9f9\"><div class=\"uagb-heading-text\">We install indoor and outdoor lighting for homes, business premises, and outdoor areas.<br>We help you choose solutions that are functional, aesthetic, and energy-efficient.<br><br>We provide:<br>\u2022 installation of all types of lighting<br>\u2022 LED lighting and energy savings<br>\u2022 decorative and ambient lighting<br>\u2022 outdoor and yard lighting<br>\u2022 motion sensors and automation<br><br>Good lighting transforms a space \u2014 functionally and visually.<\/div><\/div>\n<\/div>\n<\/div><\/div>\n\n\n\n<figure class=\"wp-block-gallery has-nested-images columns-default is-cropped wp-block-gallery-1 is-layout-flex wp-block-gallery-is-layout-flex\">\n<figure class=\"wp-block-image size-large\"><img fetchpriority=\"high\" decoding=\"async\" width=\"768\" height=\"1024\" data-id=\"1900\" src=\"https:\/\/elektro-koba.hr\/wp-content\/uploads\/2026\/02\/IMG-20251219-WA0025-1-768x1024.jpg\" alt=\"\" class=\"wp-image-1900\" srcset=\"https:\/\/elektro-koba.hr\/wp-content\/uploads\/2026\/02\/IMG-20251219-WA0025-1-768x1024.jpg 768w, https:\/\/elektro-koba.hr\/wp-content\/uploads\/2026\/02\/IMG-20251219-WA0025-1-225x300.jpg 225w, https:\/\/elektro-koba.hr\/wp-content\/uploads\/2026\/02\/IMG-20251219-WA0025-1-1152x1536.jpg 1152w, https:\/\/elektro-koba.hr\/wp-content\/uploads\/2026\/02\/IMG-20251219-WA0025-1.jpg 1200w\" sizes=\"(max-width: 768px) 100vw, 768px\" \/><\/figure>\n\n\n\n<figure class=\"wp-block-image size-large\"><img decoding=\"async\" width=\"768\" height=\"1024\" data-id=\"1899\" src=\"https:\/\/elektro-koba.hr\/wp-content\/uploads\/2026\/02\/IMG-20251129-WA0168-768x1024.jpg\" alt=\"\" class=\"wp-image-1899\" srcset=\"https:\/\/elektro-koba.hr\/wp-content\/uploads\/2026\/02\/IMG-20251129-WA0168-768x1024.jpg 768w, https:\/\/elektro-koba.hr\/wp-content\/uploads\/2026\/02\/IMG-20251129-WA0168-225x300.jpg 225w, https:\/\/elektro-koba.hr\/wp-content\/uploads\/2026\/02\/IMG-20251129-WA0168-1152x1536.jpg 1152w, https:\/\/elektro-koba.hr\/wp-content\/uploads\/2026\/02\/IMG-20251129-WA0168.jpg 1200w\" sizes=\"(max-width: 768px) 100vw, 768px\" \/><\/figure>\n\n\n\n<figure class=\"wp-block-image size-large\"><img decoding=\"async\" width=\"768\" height=\"1024\" data-id=\"1901\" src=\"https:\/\/elektro-koba.hr\/wp-content\/uploads\/2026\/02\/IMG-20251219-WA0019-768x1024.jpg\" alt=\"\" class=\"wp-image-1901\" srcset=\"https:\/\/elektro-koba.hr\/wp-content\/uploads\/2026\/02\/IMG-20251219-WA0019-768x1024.jpg 768w, https:\/\/elektro-koba.hr\/wp-content\/uploads\/2026\/02\/IMG-20251219-WA0019-225x300.jpg 225w, https:\/\/elektro-koba.hr\/wp-content\/uploads\/2026\/02\/IMG-20251219-WA0019-1152x1536.jpg 1152w, https:\/\/elektro-koba.hr\/wp-content\/uploads\/2026\/02\/IMG-20251219-WA0019.jpg 1200w\" sizes=\"(max-width: 768px) 100vw, 768px\" \/><\/figure>\n\n\n\n<figure class=\"wp-block-image size-large\"><img loading=\"lazy\" decoding=\"async\" width=\"768\" height=\"1024\" data-id=\"1891\" src=\"https:\/\/elektro-koba.hr\/wp-content\/uploads\/2026\/02\/IMG_3012-768x1024.jpg\" alt=\"\" class=\"wp-image-1891\" srcset=\"https:\/\/elektro-koba.hr\/wp-content\/uploads\/2026\/02\/IMG_3012-768x1024.jpg 768w, https:\/\/elektro-koba.hr\/wp-content\/uploads\/2026\/02\/IMG_3012-225x300.jpg 225w, https:\/\/elektro-koba.hr\/wp-content\/uploads\/2026\/02\/IMG_3012-1152x1536.jpg 1152w, https:\/\/elektro-koba.hr\/wp-content\/uploads\/2026\/02\/IMG_3012-1536x2048.jpg 1536w, https:\/\/elektro-koba.hr\/wp-content\/uploads\/2026\/02\/IMG_3012-scaled.jpg 1920w\" sizes=\"(max-width: 768px) 100vw, 768px\" \/><\/figure>\n\n\n\n<figure class=\"wp-block-image size-large\"><img loading=\"lazy\" decoding=\"async\" width=\"768\" height=\"1024\" data-id=\"1890\" src=\"https:\/\/elektro-koba.hr\/wp-content\/uploads\/2026\/02\/IMG_3019-768x1024.jpg\" alt=\"\" class=\"wp-image-1890\" srcset=\"https:\/\/elektro-koba.hr\/wp-content\/uploads\/2026\/02\/IMG_3019-768x1024.jpg 768w, https:\/\/elektro-koba.hr\/wp-content\/uploads\/2026\/02\/IMG_3019-225x300.jpg 225w, https:\/\/elektro-koba.hr\/wp-content\/uploads\/2026\/02\/IMG_3019-1152x1536.jpg 1152w, https:\/\/elektro-koba.hr\/wp-content\/uploads\/2026\/02\/IMG_3019-1536x2048.jpg 1536w, https:\/\/elektro-koba.hr\/wp-content\/uploads\/2026\/02\/IMG_3019-scaled.jpg 1920w\" sizes=\"(max-width: 768px) 100vw, 768px\" \/><\/figure>\n\n\n\n<figure class=\"wp-block-image size-large\"><img loading=\"lazy\" decoding=\"async\" width=\"768\" height=\"1024\" data-id=\"1892\" src=\"https:\/\/elektro-koba.hr\/wp-content\/uploads\/2026\/02\/IMG_3022-768x1024.jpg\" alt=\"\" class=\"wp-image-1892\" srcset=\"https:\/\/elektro-koba.hr\/wp-content\/uploads\/2026\/02\/IMG_3022-768x1024.jpg 768w, https:\/\/elektro-koba.hr\/wp-content\/uploads\/2026\/02\/IMG_3022-225x300.jpg 225w, https:\/\/elektro-koba.hr\/wp-content\/uploads\/2026\/02\/IMG_3022-1152x1536.jpg 1152w, https:\/\/elektro-koba.hr\/wp-content\/uploads\/2026\/02\/IMG_3022-1536x2048.jpg 1536w, https:\/\/elektro-koba.hr\/wp-content\/uploads\/2026\/02\/IMG_3022-scaled.jpg 1920w\" sizes=\"(max-width: 768px) 100vw, 768px\" \/><\/figure>\n\n\n\n<figure class=\"wp-block-image size-large\"><img loading=\"lazy\" decoding=\"async\" width=\"768\" height=\"1024\" data-id=\"1895\" src=\"https:\/\/elektro-koba.hr\/wp-content\/uploads\/2026\/02\/IMG_2976-768x1024.jpg\" alt=\"\" class=\"wp-image-1895\" srcset=\"https:\/\/elektro-koba.hr\/wp-content\/uploads\/2026\/02\/IMG_2976-768x1024.jpg 768w, https:\/\/elektro-koba.hr\/wp-content\/uploads\/2026\/02\/IMG_2976-225x300.jpg 225w, https:\/\/elektro-koba.hr\/wp-content\/uploads\/2026\/02\/IMG_2976-1152x1536.jpg 1152w, https:\/\/elektro-koba.hr\/wp-content\/uploads\/2026\/02\/IMG_2976-1536x2048.jpg 1536w, https:\/\/elektro-koba.hr\/wp-content\/uploads\/2026\/02\/IMG_2976-scaled.jpg 1920w\" sizes=\"(max-width: 768px) 100vw, 768px\" \/><\/figure>\n\n\n\n<figure class=\"wp-block-image size-large\"><img loading=\"lazy\" decoding=\"async\" width=\"768\" height=\"1024\" data-id=\"1893\" src=\"https:\/\/elektro-koba.hr\/wp-content\/uploads\/2026\/02\/IMG_2981-768x1024.jpg\" alt=\"\" class=\"wp-image-1893\" srcset=\"https:\/\/elektro-koba.hr\/wp-content\/uploads\/2026\/02\/IMG_2981-768x1024.jpg 768w, https:\/\/elektro-koba.hr\/wp-content\/uploads\/2026\/02\/IMG_2981-225x300.jpg 225w, https:\/\/elektro-koba.hr\/wp-content\/uploads\/2026\/02\/IMG_2981-1152x1536.jpg 1152w, https:\/\/elektro-koba.hr\/wp-content\/uploads\/2026\/02\/IMG_2981-1536x2048.jpg 1536w, https:\/\/elektro-koba.hr\/wp-content\/uploads\/2026\/02\/IMG_2981-scaled.jpg 1920w\" sizes=\"(max-width: 768px) 100vw, 768px\" \/><\/figure>\n\n\n\n<figure class=\"wp-block-image size-large\"><img loading=\"lazy\" decoding=\"async\" width=\"768\" height=\"1024\" data-id=\"1894\" src=\"https:\/\/elektro-koba.hr\/wp-content\/uploads\/2026\/02\/IMG_3656-768x1024.jpg\" alt=\"\" class=\"wp-image-1894\" srcset=\"https:\/\/elektro-koba.hr\/wp-content\/uploads\/2026\/02\/IMG_3656-768x1024.jpg 768w, https:\/\/elektro-koba.hr\/wp-content\/uploads\/2026\/02\/IMG_3656-225x300.jpg 225w, https:\/\/elektro-koba.hr\/wp-content\/uploads\/2026\/02\/IMG_3656-1152x1536.jpg 1152w, https:\/\/elektro-koba.hr\/wp-content\/uploads\/2026\/02\/IMG_3656-1536x2048.jpg 1536w, https:\/\/elektro-koba.hr\/wp-content\/uploads\/2026\/02\/IMG_3656-scaled.jpg 1920w\" sizes=\"(max-width: 768px) 100vw, 768px\" \/><\/figure>\n\n\n\n<figure class=\"wp-block-image size-large\"><img loading=\"lazy\" decoding=\"async\" width=\"768\" height=\"1024\" data-id=\"1903\" src=\"https:\/\/elektro-koba.hr\/wp-content\/uploads\/2026\/02\/IMG_3580-768x1024.jpg\" alt=\"\" class=\"wp-image-1903\" srcset=\"https:\/\/elektro-koba.hr\/wp-content\/uploads\/2026\/02\/IMG_3580-768x1024.jpg 768w, https:\/\/elektro-koba.hr\/wp-content\/uploads\/2026\/02\/IMG_3580-225x300.jpg 225w, https:\/\/elektro-koba.hr\/wp-content\/uploads\/2026\/02\/IMG_3580-1152x1536.jpg 1152w, https:\/\/elektro-koba.hr\/wp-content\/uploads\/2026\/02\/IMG_3580-1536x2048.jpg 1536w, https:\/\/elektro-koba.hr\/wp-content\/uploads\/2026\/02\/IMG_3580-scaled.jpg 1920w\" sizes=\"(max-width: 768px) 100vw, 768px\" \/><\/figure>\n\n\n\n<figure class=\"wp-block-image size-large\"><img loading=\"lazy\" decoding=\"async\" width=\"1024\" height=\"768\" data-id=\"1904\" src=\"https:\/\/elektro-koba.hr\/wp-content\/uploads\/2026\/02\/IMG_3796-1024x768.jpg\" alt=\"\" class=\"wp-image-1904\" srcset=\"https:\/\/elektro-koba.hr\/wp-content\/uploads\/2026\/02\/IMG_3796-1024x768.jpg 1024w, https:\/\/elektro-koba.hr\/wp-content\/uploads\/2026\/02\/IMG_3796-300x225.jpg 300w, https:\/\/elektro-koba.hr\/wp-content\/uploads\/2026\/02\/IMG_3796-768x576.jpg 768w, https:\/\/elektro-koba.hr\/wp-content\/uploads\/2026\/02\/IMG_3796-1536x1152.jpg 1536w, https:\/\/elektro-koba.hr\/wp-content\/uploads\/2026\/02\/IMG_3796-2048x1536.jpg 2048w\" sizes=\"(max-width: 1024px) 100vw, 1024px\" \/><\/figure>\n\n\n\n<figure class=\"wp-block-image size-large\"><img loading=\"lazy\" decoding=\"async\" width=\"768\" height=\"1024\" data-id=\"1905\" src=\"https:\/\/elektro-koba.hr\/wp-content\/uploads\/2026\/02\/IMG_3799-768x1024.jpg\" alt=\"\" class=\"wp-image-1905\" srcset=\"https:\/\/elektro-koba.hr\/wp-content\/uploads\/2026\/02\/IMG_3799-768x1024.jpg 768w, https:\/\/elektro-koba.hr\/wp-content\/uploads\/2026\/02\/IMG_3799-225x300.jpg 225w, https:\/\/elektro-koba.hr\/wp-content\/uploads\/2026\/02\/IMG_3799-1152x1536.jpg 1152w, https:\/\/elektro-koba.hr\/wp-content\/uploads\/2026\/02\/IMG_3799-1536x2048.jpg 1536w, https:\/\/elektro-koba.hr\/wp-content\/uploads\/2026\/02\/IMG_3799-scaled.jpg 1920w\" sizes=\"(max-width: 768px) 100vw, 768px\" \/><\/figure>\n<\/figure>","protected":false},"excerpt":{"rendered":"<p>Izvodimo unutarnju i vanjsku rasvjetu za domove, poslovne prostore i oku\u0107nice.Poma\u017eemo u odabiru rje\u0161enja koje je funkcionalno, estetsko i energetski u\u010dinkovito. Radimo:\u2022 monta\u017eu svih vrsta rasvjete\u2022 LED rasvjetu i u\u0161tedu energije\u2022 dekorativnu i ambijentalnu rasvjetu\u2022 vanjsku i dvori\u0161nu rasvjetu\u2022 senzore pokreta i automatiku Dobra rasvjeta mijenja prostor \u2014 funkcionalno i vizualno.<\/p>","protected":false},"author":1,"featured_media":0,"parent":0,"menu_order":0,"comment_status":"closed","ping_status":"closed","template":"","meta":{"_uag_custom_page_level_css":"","site-sidebar-layout":"default","site-content-layout":"","ast-site-content-layout":"default","site-content-style":"default","site-sidebar-style":"default","ast-global-header-display":"","ast-banner-title-visibility":"","ast-main-header-display":"","ast-hfb-above-header-display":"","ast-hfb-below-header-display":"","ast-hfb-mobile-header-display":"","site-post-title":"disabled","ast-breadcrumbs-content":"","ast-featured-img":"","footer-sml-layout":"","ast-disable-related-posts":"","theme-transparent-header-meta":"","adv-header-id-meta":"","stick-header-meta":"","header-above-stick-meta":"","header-main-stick-meta":"","header-below-stick-meta":"","astra-migrate-meta-layouts":"set","ast-page-background-enabled":"default","ast-page-background-meta":{"desktop":{"background-color":"","background-image":"","background-repeat":"repeat","background-position":"center center","background-size":"auto","background-attachment":"scroll","background-type":"","background-media":"","overlay-type":"","overlay-color":"","overlay-opacity":"","overlay-gradient":""},"tablet":{"background-color":"","background-image":"","background-repeat":"repeat","background-position":"center center","background-size":"auto","background-attachment":"scroll","background-type":"","background-media":"","overlay-type":"","overlay-color":"","overlay-opacity":"","overlay-gradient":""},"mobile":{"background-color":"","background-image":"","background-repeat":"repeat","background-position":"center center","background-size":"auto","background-attachment":"scroll","background-type":"","background-media":"","overlay-type":"","overlay-color":"","overlay-opacity":"","overlay-gradient":""}},"ast-content-background-meta":{"desktop":{"background-color":"var(--ast-global-color-4)","background-image":"","background-repeat":"repeat","background-position":"center center","background-size":"auto","background-attachment":"scroll","background-type":"","background-media":"","overlay-type":"","overlay-color":"","overlay-opacity":"","overlay-gradient":""},"tablet":{"background-color":"var(--ast-global-color-4)","background-image":"","background-repeat":"repeat","background-position":"center center","background-size":"auto","background-attachment":"scroll","background-type":"","background-media":"","overlay-type":"","overlay-color":"","overlay-opacity":"","overlay-gradient":""},"mobile":{"background-color":"var(--ast-global-color-4)","background-image":"","background-repeat":"repeat","background-position":"center center","background-size":"auto","background-attachment":"scroll","background-type":"","background-media":"","overlay-type":"","overlay-color":"","overlay-opacity":"","overlay-gradient":""}},"footnotes":""},"class_list":["post-1888","page","type-page","status-publish","hentry"],"aioseo_notices":[],"_hostinger_reach_plugin_has_subscription_block":false,"_hostinger_reach_plugin_is_elementor":false,"uagb_featured_image_src":{"full":false,"thumbnail":false,"medium":false,"medium_large":false,"large":false,"ufg_200_200":false,"ufg_300_300":false,"ufg_400_400":false,"1536x1536":false,"2048x2048":false,"trp-custom-language-flag":false},"uagb_author_info":{"display_name":"kobadoo.info@gmail.com","author_link":"https:\/\/elektro-koba.hr\/en\/author\/kobadoo-infogmail-com\/"},"uagb_comment_info":0,"uagb_excerpt":"Izvodimo unutarnju i vanjsku rasvjetu za domove, poslovne prostore i oku\u0107nice.Poma\u017eemo u odabiru rje\u0161enja koje je funkcionalno, estetsko i energetski u\u010dinkovito. Radimo:\u2022 monta\u017eu svih vrsta rasvjete\u2022 LED rasvjetu i u\u0161tedu energije\u2022 dekorativnu i ambijentalnu rasvjetu\u2022 vanjsku i dvori\u0161nu rasvjetu\u2022 senzore pokreta i automatiku Dobra rasvjeta mijenja prostor \u2014 funkcionalno i vizualno.","_links":{"self":[{"href":"https:\/\/elektro-koba.hr\/en\/wp-json\/wp\/v2\/pages\/1888","targetHints":{"allow":["GET"]}}],"collection":[{"href":"https:\/\/elektro-koba.hr\/en\/wp-json\/wp\/v2\/pages"}],"about":[{"href":"https:\/\/elektro-koba.hr\/en\/wp-json\/wp\/v2\/types\/page"}],"author":[{"embeddable":true,"href":"https:\/\/elektro-koba.hr\/en\/wp-json\/wp\/v2\/users\/1"}],"replies":[{"embeddable":true,"href":"https:\/\/elektro-koba.hr\/en\/wp-json\/wp\/v2\/comments?post=1888"}],"version-history":[{"count":3,"href":"https:\/\/elektro-koba.hr\/en\/wp-json\/wp\/v2\/pages\/1888\/revisions"}],"predecessor-version":[{"id":2005,"href":"https:\/\/elektro-koba.hr\/en\/wp-json\/wp\/v2\/pages\/1888\/revisions\/2005"}],"wp:attachment":[{"href":"https:\/\/elektro-koba.hr\/en\/wp-json\/wp\/v2\/media?parent=1888"}],"curies":[{"name":"wp","href":"https:\/\/api.w.org\/{rel}","templated":true}]}}