{"id":1897,"date":"2026-02-11T15:49:06","date_gmt":"2026-02-11T15:49:06","guid":{"rendered":"https:\/\/elektro-koba.hr\/?page_id=1897"},"modified":"2026-02-11T16:58:19","modified_gmt":"2026-02-11T16:58:19","slug":"fina-montaza","status":"publish","type":"page","link":"https:\/\/elektro-koba.hr\/en\/fina-montaza\/","title":{"rendered":"Final installation"},"content":{"rendered":"<div class=\"wp-block-uagb-container uagb-block-9giahjjl alignfull uagb-is-root-container\">\n<div class=\"wp-block-uagb-info-box uagb-block-jfqtjb8d uagb-infobox__content-wrap  uagb-infobox-icon-above-title uagb-infobox-image-valign-top\"><div class=\"uagb-ifb-content\"><div class=\"uagb-ifb-title-wrap\"><h2 class=\"uagb-ifb-title\">FINAL INSTALLATION<\/h2><\/div><\/div><\/div>\n<\/div>\n\n\n\n<div class=\"wp-block-uagb-container uagb-block-b24c1b78 alignfull uagb-is-root-container\"><div class=\"uagb-container-inner-blocks-wrap\">\n<div class=\"wp-block-uagb-container uagb-block-4959065f\">\n<div class=\"wp-block-uagb-advanced-heading uagb-block-2c67c9f9\"><div class=\"uagb-heading-text\">Final electrical works that give your space full functionality and a finished look.<br>We work precisely, neatly, and with attention to detail and aesthetics.<br><br>Include:<br>\u2022 installation of sockets and switches<br>\u2022 installation of lighting and chandeliers<br>\u2022 connection of the distribution panel<br>\u2022 final testing of the electrical installation<br><br>The final details make the difference.<\/div><\/div>\n<\/div>\n<\/div><\/div>\n\n\n\n<div class=\"wp-block-uagb-container uagb-block-fbabe370 alignfull uagb-is-root-container\"><div class=\"uagb-container-inner-blocks-wrap\">\n<figure class=\"wp-block-gallery has-nested-images columns-default is-cropped wp-block-gallery-1 is-layout-flex wp-block-gallery-is-layout-flex\">\n<figure class=\"wp-block-image size-large\"><img fetchpriority=\"high\" decoding=\"async\" width=\"768\" height=\"1024\" data-id=\"1907\" src=\"https:\/\/elektro-koba.hr\/wp-content\/uploads\/2026\/02\/IMG-20251220-WA0006-768x1024.jpg\" alt=\"\" class=\"wp-image-1907\" srcset=\"https:\/\/elektro-koba.hr\/wp-content\/uploads\/2026\/02\/IMG-20251220-WA0006-768x1024.jpg 768w, https:\/\/elektro-koba.hr\/wp-content\/uploads\/2026\/02\/IMG-20251220-WA0006-225x300.jpg 225w, https:\/\/elektro-koba.hr\/wp-content\/uploads\/2026\/02\/IMG-20251220-WA0006-1152x1536.jpg 1152w, https:\/\/elektro-koba.hr\/wp-content\/uploads\/2026\/02\/IMG-20251220-WA0006.jpg 1500w\" sizes=\"(max-width: 768px) 100vw, 768px\" \/><\/figure>\n\n\n\n<figure class=\"wp-block-image size-large\"><img decoding=\"async\" width=\"768\" height=\"1024\" data-id=\"1908\" src=\"https:\/\/elektro-koba.hr\/wp-content\/uploads\/2026\/02\/IMG-20251129-WA0149-768x1024.jpg\" alt=\"\" class=\"wp-image-1908\" srcset=\"https:\/\/elektro-koba.hr\/wp-content\/uploads\/2026\/02\/IMG-20251129-WA0149-768x1024.jpg 768w, https:\/\/elektro-koba.hr\/wp-content\/uploads\/2026\/02\/IMG-20251129-WA0149-225x300.jpg 225w, https:\/\/elektro-koba.hr\/wp-content\/uploads\/2026\/02\/IMG-20251129-WA0149-1152x1536.jpg 1152w, https:\/\/elektro-koba.hr\/wp-content\/uploads\/2026\/02\/IMG-20251129-WA0149.jpg 1200w\" sizes=\"(max-width: 768px) 100vw, 768px\" \/><\/figure>\n\n\n\n<figure class=\"wp-block-image size-large\"><img decoding=\"async\" width=\"768\" height=\"1024\" data-id=\"1910\" src=\"https:\/\/elektro-koba.hr\/wp-content\/uploads\/2026\/02\/IMG-20251125-WA0009-768x1024.jpg\" alt=\"\" class=\"wp-image-1910\" srcset=\"https:\/\/elektro-koba.hr\/wp-content\/uploads\/2026\/02\/IMG-20251125-WA0009-768x1024.jpg 768w, https:\/\/elektro-koba.hr\/wp-content\/uploads\/2026\/02\/IMG-20251125-WA0009-225x300.jpg 225w, https:\/\/elektro-koba.hr\/wp-content\/uploads\/2026\/02\/IMG-20251125-WA0009-1152x1536.jpg 1152w, https:\/\/elektro-koba.hr\/wp-content\/uploads\/2026\/02\/IMG-20251125-WA0009.jpg 1200w\" sizes=\"(max-width: 768px) 100vw, 768px\" \/><\/figure>\n<\/figure>\n<\/div><\/div>","protected":false},"excerpt":{"rendered":"<p>Zavr\u0161ni elektro radovi koji prostoru daju funkcionalnost i zavr\u0161ni izgled.Radimo precizno, uredno i estetski. Uklju\u010duje:\u2022 monta\u017eu uti\u010dnica i prekida\u010da\u2022 monta\u017eu rasvjete i lustera\u2022 spajanje razvodnog ormari\u0107a\u2022 zavr\u0161no testiranje instalacije Zavr\u0161ni detalji \u010dine razliku.<\/p>","protected":false},"author":1,"featured_media":0,"parent":0,"menu_order":0,"comment_status":"closed","ping_status":"closed","template":"","meta":{"_uag_custom_page_level_css":"","site-sidebar-layout":"default","site-content-layout":"","ast-site-content-layout":"default","site-content-style":"default","site-sidebar-style":"default","ast-global-header-display":"","ast-banner-title-visibility":"","ast-main-header-display":"","ast-hfb-above-header-display":"","ast-hfb-below-header-display":"","ast-hfb-mobile-header-display":"","site-post-title":"disabled","ast-breadcrumbs-content":"","ast-featured-img":"","footer-sml-layout":"","ast-disable-related-posts":"","theme-transparent-header-meta":"","adv-header-id-meta":"","stick-header-meta":"","header-above-stick-meta":"","header-main-stick-meta":"","header-below-stick-meta":"","astra-migrate-meta-layouts":"set","ast-page-background-enabled":"default","ast-page-background-meta":{"desktop":{"background-color":"","background-image":"","background-repeat":"repeat","background-position":"center center","background-size":"auto","background-attachment":"scroll","background-type":"","background-media":"","overlay-type":"","overlay-color":"","overlay-opacity":"","overlay-gradient":""},"tablet":{"background-color":"","background-image":"","background-repeat":"repeat","background-position":"center center","background-size":"auto","background-attachment":"scroll","background-type":"","background-media":"","overlay-type":"","overlay-color":"","overlay-opacity":"","overlay-gradient":""},"mobile":{"background-color":"","background-image":"","background-repeat":"repeat","background-position":"center center","background-size":"auto","background-attachment":"scroll","background-type":"","background-media":"","overlay-type":"","overlay-color":"","overlay-opacity":"","overlay-gradient":""}},"ast-content-background-meta":{"desktop":{"background-color":"var(--ast-global-color-4)","background-image":"","background-repeat":"repeat","background-position":"center center","background-size":"auto","background-attachment":"scroll","background-type":"","background-media":"","overlay-type":"","overlay-color":"","overlay-opacity":"","overlay-gradient":""},"tablet":{"background-color":"var(--ast-global-color-4)","background-image":"","background-repeat":"repeat","background-position":"center center","background-size":"auto","background-attachment":"scroll","background-type":"","background-media":"","overlay-type":"","overlay-color":"","overlay-opacity":"","overlay-gradient":""},"mobile":{"background-color":"var(--ast-global-color-4)","background-image":"","background-repeat":"repeat","background-position":"center center","background-size":"auto","background-attachment":"scroll","background-type":"","background-media":"","overlay-type":"","overlay-color":"","overlay-opacity":"","overlay-gradient":""}},"footnotes":""},"class_list":["post-1897","page","type-page","status-publish","hentry"],"aioseo_notices":[],"_hostinger_reach_plugin_has_subscription_block":false,"_hostinger_reach_plugin_is_elementor":false,"uagb_featured_image_src":{"full":false,"thumbnail":false,"medium":false,"medium_large":false,"large":false,"ufg_200_200":false,"ufg_300_300":false,"ufg_400_400":false,"1536x1536":false,"2048x2048":false,"trp-custom-language-flag":false},"uagb_author_info":{"display_name":"kobadoo.info@gmail.com","author_link":"https:\/\/elektro-koba.hr\/en\/author\/kobadoo-infogmail-com\/"},"uagb_comment_info":0,"uagb_excerpt":"Zavr\u0161ni elektro radovi koji prostoru daju funkcionalnost i zavr\u0161ni izgled.Radimo precizno, uredno i estetski. Uklju\u010duje:\u2022 monta\u017eu uti\u010dnica i prekida\u010da\u2022 monta\u017eu rasvjete i lustera\u2022 spajanje razvodnog ormari\u0107a\u2022 zavr\u0161no testiranje instalacije Zavr\u0161ni detalji \u010dine razliku.","_links":{"self":[{"href":"https:\/\/elektro-koba.hr\/en\/wp-json\/wp\/v2\/pages\/1897","targetHints":{"allow":["GET"]}}],"collection":[{"href":"https:\/\/elektro-koba.hr\/en\/wp-json\/wp\/v2\/pages"}],"about":[{"href":"https:\/\/elektro-koba.hr\/en\/wp-json\/wp\/v2\/types\/page"}],"author":[{"embeddable":true,"href":"https:\/\/elektro-koba.hr\/en\/wp-json\/wp\/v2\/users\/1"}],"replies":[{"embeddable":true,"href":"https:\/\/elektro-koba.hr\/en\/wp-json\/wp\/v2\/comments?post=1897"}],"version-history":[{"count":2,"href":"https:\/\/elektro-koba.hr\/en\/wp-json\/wp\/v2\/pages\/1897\/revisions"}],"predecessor-version":[{"id":2009,"href":"https:\/\/elektro-koba.hr\/en\/wp-json\/wp\/v2\/pages\/1897\/revisions\/2009"}],"wp:attachment":[{"href":"https:\/\/elektro-koba.hr\/en\/wp-json\/wp\/v2\/media?parent=1897"}],"curies":[{"name":"wp","href":"https:\/\/api.w.org\/{rel}","templated":true}]}}