{"id":1912,"date":"2026-02-11T15:53:34","date_gmt":"2026-02-11T15:53:34","guid":{"rendered":"https:\/\/elektro-koba.hr\/?page_id=1912"},"modified":"2026-02-11T16:57:56","modified_gmt":"2026-02-11T16:57:56","slug":"razvodni-ormarici","status":"publish","type":"page","link":"https:\/\/elektro-koba.hr\/en\/razvodni-ormarici\/","title":{"rendered":"Distribution board"},"content":{"rendered":"<div class=\"wp-block-uagb-container uagb-block-9giahjjl alignfull uagb-is-root-container\">\n<div class=\"wp-block-uagb-info-box uagb-block-jfqtjb8d uagb-infobox__content-wrap  uagb-infobox-icon-above-title uagb-infobox-image-valign-top\"><div class=\"uagb-ifb-content\"><div class=\"uagb-ifb-title-wrap\"><h2 class=\"uagb-ifb-title\">DISTRIBUTION BOARDS<\/h2><\/div><\/div><\/div>\n<\/div>\n\n\n\n<div class=\"wp-block-uagb-container uagb-block-b24c1b78 alignfull uagb-is-root-container\"><div class=\"uagb-container-inner-blocks-wrap\">\n<div class=\"wp-block-uagb-container uagb-block-4959065f\">\n<div class=\"wp-block-uagb-advanced-heading uagb-block-2c67c9f9\"><div class=\"uagb-heading-text\">We install and connect distribution panels for apartments, houses, and commercial facilities according to professional standards and regulations.<br>Every panel is organized, safe, and built for long-term reliability.<br><br>Services include:<br>\u2022 installation and wiring of distribution panels<br>\u2022 circuit breakers, RCD (FI) protection, and system safety<br>\u2022 labeling and organization of wiring<br>\u2022 replacement of old panels with new ones<br>\u2022 expansion of existing installations<br><br>Electrical safety begins in the distribution panel.<\/div><\/div>\n<\/div>\n<\/div><\/div>\n\n\n\n<div class=\"wp-block-uagb-container uagb-block-fbabe370 alignfull uagb-is-root-container\"><div class=\"uagb-container-inner-blocks-wrap\">\n<figure class=\"wp-block-gallery has-nested-images columns-default is-cropped wp-block-gallery-1 is-layout-flex wp-block-gallery-is-layout-flex\">\n<figure class=\"wp-block-image size-large\"><img fetchpriority=\"high\" decoding=\"async\" width=\"768\" height=\"1024\" data-id=\"1915\" src=\"https:\/\/elektro-koba.hr\/wp-content\/uploads\/2026\/02\/IMG-20251130-WA0002-2-768x1024.jpg\" alt=\"\" class=\"wp-image-1915\" srcset=\"https:\/\/elektro-koba.hr\/wp-content\/uploads\/2026\/02\/IMG-20251130-WA0002-2-768x1024.jpg 768w, https:\/\/elektro-koba.hr\/wp-content\/uploads\/2026\/02\/IMG-20251130-WA0002-2-225x300.jpg 225w, https:\/\/elektro-koba.hr\/wp-content\/uploads\/2026\/02\/IMG-20251130-WA0002-2-1152x1536.jpg 1152w, https:\/\/elektro-koba.hr\/wp-content\/uploads\/2026\/02\/IMG-20251130-WA0002-2.jpg 1536w\" sizes=\"(max-width: 768px) 100vw, 768px\" \/><\/figure>\n\n\n\n<figure class=\"wp-block-image size-large\"><img decoding=\"async\" width=\"768\" height=\"1024\" data-id=\"1913\" src=\"https:\/\/elektro-koba.hr\/wp-content\/uploads\/2026\/02\/IMG-20251129-WA0090-768x1024.jpg\" alt=\"\" class=\"wp-image-1913\" srcset=\"https:\/\/elektro-koba.hr\/wp-content\/uploads\/2026\/02\/IMG-20251129-WA0090-768x1024.jpg 768w, https:\/\/elektro-koba.hr\/wp-content\/uploads\/2026\/02\/IMG-20251129-WA0090-225x300.jpg 225w, https:\/\/elektro-koba.hr\/wp-content\/uploads\/2026\/02\/IMG-20251129-WA0090-1152x1536.jpg 1152w, https:\/\/elektro-koba.hr\/wp-content\/uploads\/2026\/02\/IMG-20251129-WA0090.jpg 1200w\" sizes=\"(max-width: 768px) 100vw, 768px\" \/><\/figure>\n\n\n\n<figure class=\"wp-block-image size-large\"><img decoding=\"async\" width=\"768\" height=\"1024\" data-id=\"1916\" src=\"https:\/\/elektro-koba.hr\/wp-content\/uploads\/2026\/02\/IMG-20251130-WA0007-768x1024.jpg\" alt=\"\" class=\"wp-image-1916\" srcset=\"https:\/\/elektro-koba.hr\/wp-content\/uploads\/2026\/02\/IMG-20251130-WA0007-768x1024.jpg 768w, https:\/\/elektro-koba.hr\/wp-content\/uploads\/2026\/02\/IMG-20251130-WA0007-225x300.jpg 225w, https:\/\/elektro-koba.hr\/wp-content\/uploads\/2026\/02\/IMG-20251130-WA0007-1152x1536.jpg 1152w, https:\/\/elektro-koba.hr\/wp-content\/uploads\/2026\/02\/IMG-20251130-WA0007.jpg 1536w\" sizes=\"(max-width: 768px) 100vw, 768px\" \/><\/figure>\n\n\n\n<figure class=\"wp-block-image size-large\"><img loading=\"lazy\" decoding=\"async\" width=\"768\" height=\"1024\" data-id=\"1917\" src=\"https:\/\/elektro-koba.hr\/wp-content\/uploads\/2026\/02\/IMG-20251130-WA0014-768x1024.jpg\" alt=\"\" class=\"wp-image-1917\" srcset=\"https:\/\/elektro-koba.hr\/wp-content\/uploads\/2026\/02\/IMG-20251130-WA0014-768x1024.jpg 768w, https:\/\/elektro-koba.hr\/wp-content\/uploads\/2026\/02\/IMG-20251130-WA0014-225x300.jpg 225w, https:\/\/elektro-koba.hr\/wp-content\/uploads\/2026\/02\/IMG-20251130-WA0014-1152x1536.jpg 1152w, https:\/\/elektro-koba.hr\/wp-content\/uploads\/2026\/02\/IMG-20251130-WA0014.jpg 1536w\" sizes=\"(max-width: 768px) 100vw, 768px\" \/><\/figure>\n\n\n\n<figure class=\"wp-block-image size-large\"><img loading=\"lazy\" decoding=\"async\" width=\"768\" height=\"1024\" data-id=\"1914\" src=\"https:\/\/elektro-koba.hr\/wp-content\/uploads\/2026\/02\/IMG-20251130-WA0026-768x1024.jpg\" alt=\"\" class=\"wp-image-1914\" srcset=\"https:\/\/elektro-koba.hr\/wp-content\/uploads\/2026\/02\/IMG-20251130-WA0026-768x1024.jpg 768w, https:\/\/elektro-koba.hr\/wp-content\/uploads\/2026\/02\/IMG-20251130-WA0026-225x300.jpg 225w, https:\/\/elektro-koba.hr\/wp-content\/uploads\/2026\/02\/IMG-20251130-WA0026-1152x1536.jpg 1152w, https:\/\/elektro-koba.hr\/wp-content\/uploads\/2026\/02\/IMG-20251130-WA0026.jpg 1200w\" sizes=\"(max-width: 768px) 100vw, 768px\" \/><\/figure>\n\n\n\n<figure class=\"wp-block-image size-large\"><img loading=\"lazy\" decoding=\"async\" width=\"768\" height=\"1024\" data-id=\"1918\" src=\"https:\/\/elektro-koba.hr\/wp-content\/uploads\/2026\/02\/IMG-20251211-WA0022-768x1024.jpg\" alt=\"\" class=\"wp-image-1918\" srcset=\"https:\/\/elektro-koba.hr\/wp-content\/uploads\/2026\/02\/IMG-20251211-WA0022-768x1024.jpg 768w, https:\/\/elektro-koba.hr\/wp-content\/uploads\/2026\/02\/IMG-20251211-WA0022-225x300.jpg 225w, https:\/\/elektro-koba.hr\/wp-content\/uploads\/2026\/02\/IMG-20251211-WA0022-1152x1536.jpg 1152w, https:\/\/elektro-koba.hr\/wp-content\/uploads\/2026\/02\/IMG-20251211-WA0022.jpg 1200w\" sizes=\"(max-width: 768px) 100vw, 768px\" \/><\/figure>\n\n\n\n<figure class=\"wp-block-image size-large\"><img loading=\"lazy\" decoding=\"async\" width=\"768\" height=\"1024\" data-id=\"1919\" src=\"https:\/\/elektro-koba.hr\/wp-content\/uploads\/2026\/02\/IMG_2781-768x1024.jpg\" alt=\"\" class=\"wp-image-1919\" srcset=\"https:\/\/elektro-koba.hr\/wp-content\/uploads\/2026\/02\/IMG_2781-768x1024.jpg 768w, https:\/\/elektro-koba.hr\/wp-content\/uploads\/2026\/02\/IMG_2781-225x300.jpg 225w, https:\/\/elektro-koba.hr\/wp-content\/uploads\/2026\/02\/IMG_2781-1152x1536.jpg 1152w, https:\/\/elektro-koba.hr\/wp-content\/uploads\/2026\/02\/IMG_2781-1536x2048.jpg 1536w, https:\/\/elektro-koba.hr\/wp-content\/uploads\/2026\/02\/IMG_2781-scaled.jpg 1920w\" sizes=\"(max-width: 768px) 100vw, 768px\" \/><\/figure>\n\n\n\n<figure class=\"wp-block-image size-large\"><img loading=\"lazy\" decoding=\"async\" width=\"768\" height=\"1024\" data-id=\"1920\" src=\"https:\/\/elektro-koba.hr\/wp-content\/uploads\/2026\/02\/IMG_2042-768x1024.jpg\" alt=\"\" class=\"wp-image-1920\" srcset=\"https:\/\/elektro-koba.hr\/wp-content\/uploads\/2026\/02\/IMG_2042-768x1024.jpg 768w, https:\/\/elektro-koba.hr\/wp-content\/uploads\/2026\/02\/IMG_2042-225x300.jpg 225w, https:\/\/elektro-koba.hr\/wp-content\/uploads\/2026\/02\/IMG_2042-1152x1536.jpg 1152w, https:\/\/elektro-koba.hr\/wp-content\/uploads\/2026\/02\/IMG_2042-1536x2048.jpg 1536w, https:\/\/elektro-koba.hr\/wp-content\/uploads\/2026\/02\/IMG_2042-scaled.jpg 1920w\" sizes=\"(max-width: 768px) 100vw, 768px\" \/><\/figure>\n<\/figure>\n<\/div><\/div>","protected":false},"excerpt":{"rendered":"<p>Montiramo i spajamo razvodne ormari\u0107e za stanove, ku\u0107e i poslovne prostore prema va\u017ee\u0107im standardima i pravilima struke.Svaki ormari\u0107 radimo pregledno, sigurno i dugotrajno. Usluge uklju\u010duju:\u2022 monta\u017eu i spajanje razvodnog ormari\u0107a\u2022 osigura\u010de, fid sklopke i za\u0161titu instalacije\u2022 ozna\u010davanje i organizaciju vodova\u2022 zamjenu starih ormari\u0107a novima\u2022 pro\u0161irenje postoje\u0107ih instalacija Sigurnost instalacije po\u010dinje u razvodnom ormari\u0107u.<\/p>","protected":false},"author":1,"featured_media":0,"parent":0,"menu_order":0,"comment_status":"closed","ping_status":"closed","template":"","meta":{"_uag_custom_page_level_css":"","site-sidebar-layout":"default","site-content-layout":"","ast-site-content-layout":"default","site-content-style":"default","site-sidebar-style":"default","ast-global-header-display":"","ast-banner-title-visibility":"","ast-main-header-display":"","ast-hfb-above-header-display":"","ast-hfb-below-header-display":"","ast-hfb-mobile-header-display":"","site-post-title":"disabled","ast-breadcrumbs-content":"","ast-featured-img":"","footer-sml-layout":"","ast-disable-related-posts":"","theme-transparent-header-meta":"","adv-header-id-meta":"","stick-header-meta":"","header-above-stick-meta":"","header-main-stick-meta":"","header-below-stick-meta":"","astra-migrate-meta-layouts":"set","ast-page-background-enabled":"default","ast-page-background-meta":{"desktop":{"background-color":"","background-image":"","background-repeat":"repeat","background-position":"center center","background-size":"auto","background-attachment":"scroll","background-type":"","background-media":"","overlay-type":"","overlay-color":"","overlay-opacity":"","overlay-gradient":""},"tablet":{"background-color":"","background-image":"","background-repeat":"repeat","background-position":"center center","background-size":"auto","background-attachment":"scroll","background-type":"","background-media":"","overlay-type":"","overlay-color":"","overlay-opacity":"","overlay-gradient":""},"mobile":{"background-color":"","background-image":"","background-repeat":"repeat","background-position":"center center","background-size":"auto","background-attachment":"scroll","background-type":"","background-media":"","overlay-type":"","overlay-color":"","overlay-opacity":"","overlay-gradient":""}},"ast-content-background-meta":{"desktop":{"background-color":"var(--ast-global-color-4)","background-image":"","background-repeat":"repeat","background-position":"center center","background-size":"auto","background-attachment":"scroll","background-type":"","background-media":"","overlay-type":"","overlay-color":"","overlay-opacity":"","overlay-gradient":""},"tablet":{"background-color":"var(--ast-global-color-4)","background-image":"","background-repeat":"repeat","background-position":"center center","background-size":"auto","background-attachment":"scroll","background-type":"","background-media":"","overlay-type":"","overlay-color":"","overlay-opacity":"","overlay-gradient":""},"mobile":{"background-color":"var(--ast-global-color-4)","background-image":"","background-repeat":"repeat","background-position":"center center","background-size":"auto","background-attachment":"scroll","background-type":"","background-media":"","overlay-type":"","overlay-color":"","overlay-opacity":"","overlay-gradient":""}},"footnotes":""},"class_list":["post-1912","page","type-page","status-publish","hentry"],"aioseo_notices":[],"_hostinger_reach_plugin_has_subscription_block":false,"_hostinger_reach_plugin_is_elementor":false,"uagb_featured_image_src":{"full":false,"thumbnail":false,"medium":false,"medium_large":false,"large":false,"ufg_200_200":false,"ufg_300_300":false,"ufg_400_400":false,"1536x1536":false,"2048x2048":false,"trp-custom-language-flag":false},"uagb_author_info":{"display_name":"kobadoo.info@gmail.com","author_link":"https:\/\/elektro-koba.hr\/en\/author\/kobadoo-infogmail-com\/"},"uagb_comment_info":0,"uagb_excerpt":"Montiramo i spajamo razvodne ormari\u0107e za stanove, ku\u0107e i poslovne prostore prema va\u017ee\u0107im standardima i pravilima struke.Svaki ormari\u0107 radimo pregledno, sigurno i dugotrajno. Usluge uklju\u010duju:\u2022 monta\u017eu i spajanje razvodnog ormari\u0107a\u2022 osigura\u010de, fid sklopke i za\u0161titu instalacije\u2022 ozna\u010davanje i organizaciju vodova\u2022 zamjenu starih ormari\u0107a novima\u2022 pro\u0161irenje postoje\u0107ih instalacija Sigurnost instalacije po\u010dinje u razvodnom ormari\u0107u.","_links":{"self":[{"href":"https:\/\/elektro-koba.hr\/en\/wp-json\/wp\/v2\/pages\/1912","targetHints":{"allow":["GET"]}}],"collection":[{"href":"https:\/\/elektro-koba.hr\/en\/wp-json\/wp\/v2\/pages"}],"about":[{"href":"https:\/\/elektro-koba.hr\/en\/wp-json\/wp\/v2\/types\/page"}],"author":[{"embeddable":true,"href":"https:\/\/elektro-koba.hr\/en\/wp-json\/wp\/v2\/users\/1"}],"replies":[{"embeddable":true,"href":"https:\/\/elektro-koba.hr\/en\/wp-json\/wp\/v2\/comments?post=1912"}],"version-history":[{"count":2,"href":"https:\/\/elektro-koba.hr\/en\/wp-json\/wp\/v2\/pages\/1912\/revisions"}],"predecessor-version":[{"id":2006,"href":"https:\/\/elektro-koba.hr\/en\/wp-json\/wp\/v2\/pages\/1912\/revisions\/2006"}],"wp:attachment":[{"href":"https:\/\/elektro-koba.hr\/en\/wp-json\/wp\/v2\/media?parent=1912"}],"curies":[{"name":"wp","href":"https:\/\/api.w.org\/{rel}","templated":true}]}}