{"id":1921,"date":"2026-02-11T15:58:03","date_gmt":"2026-02-11T15:58:03","guid":{"rendered":"https:\/\/elektro-koba.hr\/?page_id=1921"},"modified":"2026-02-11T16:54:38","modified_gmt":"2026-02-11T16:54:38","slug":"gromobranske-instalacije","status":"publish","type":"page","link":"https:\/\/elektro-koba.hr\/en\/gromobranske-instalacije\/","title":{"rendered":"Lighting protection system"},"content":{"rendered":"<div class=\"wp-block-uagb-container uagb-block-9giahjjl alignfull uagb-is-root-container\">\n<div class=\"wp-block-uagb-info-box uagb-block-jfqtjb8d uagb-infobox__content-wrap  uagb-infobox-icon-above-title uagb-infobox-image-valign-top\"><div class=\"uagb-ifb-content\"><div class=\"uagb-ifb-title-wrap\"><h2 class=\"uagb-ifb-title\">LIGHTNING PROTECTION SYSTEMS<\/h2><\/div><\/div><\/div>\n<\/div>\n\n\n\n<div class=\"wp-block-uagb-container uagb-block-b24c1b78 alignfull uagb-is-root-container\"><div class=\"uagb-container-inner-blocks-wrap\">\n<div class=\"wp-block-uagb-container uagb-block-4959065f\">\n<div class=\"wp-block-uagb-advanced-heading uagb-block-2c67c9f9\"><div class=\"uagb-heading-text\">We install and inspect lightning protection systems to protect buildings from lightning strikes and overvoltage.<br>All work is performed according to professional and safety standards.<br><br>Services include:<br>\u2022 installation of lightning protection systems<br>\u2022 grounding and resistance measurement<br>\u2022 inspection and testing of the system<br>\u2022 repair of existing installations<br><br>Building safety starts with proper protection.<\/div><\/div>\n<\/div>\n<\/div><\/div>\n\n\n\n<div class=\"wp-block-uagb-container uagb-block-fbabe370 alignfull uagb-is-root-container\"><div class=\"uagb-container-inner-blocks-wrap\">\n<figure class=\"wp-block-gallery has-nested-images columns-default is-cropped wp-block-gallery-1 is-layout-flex wp-block-gallery-is-layout-flex\">\n<figure class=\"wp-block-image size-large\"><img fetchpriority=\"high\" decoding=\"async\" width=\"768\" height=\"1024\" data-id=\"1925\" src=\"https:\/\/elektro-koba.hr\/wp-content\/uploads\/2026\/02\/IMG-20251206-WA0004-768x1024.jpg\" alt=\"\" class=\"wp-image-1925\" srcset=\"https:\/\/elektro-koba.hr\/wp-content\/uploads\/2026\/02\/IMG-20251206-WA0004-768x1024.jpg 768w, https:\/\/elektro-koba.hr\/wp-content\/uploads\/2026\/02\/IMG-20251206-WA0004-225x300.jpg 225w, https:\/\/elektro-koba.hr\/wp-content\/uploads\/2026\/02\/IMG-20251206-WA0004-1152x1536.jpg 1152w, https:\/\/elektro-koba.hr\/wp-content\/uploads\/2026\/02\/IMG-20251206-WA0004.jpg 1200w\" sizes=\"(max-width: 768px) 100vw, 768px\" \/><\/figure>\n\n\n\n<figure class=\"wp-block-image size-large\"><img decoding=\"async\" width=\"768\" height=\"1024\" data-id=\"1923\" src=\"https:\/\/elektro-koba.hr\/wp-content\/uploads\/2026\/02\/IMG-20251206-WA0008-768x1024.jpg\" alt=\"\" class=\"wp-image-1923\" srcset=\"https:\/\/elektro-koba.hr\/wp-content\/uploads\/2026\/02\/IMG-20251206-WA0008-768x1024.jpg 768w, https:\/\/elektro-koba.hr\/wp-content\/uploads\/2026\/02\/IMG-20251206-WA0008-225x300.jpg 225w, https:\/\/elektro-koba.hr\/wp-content\/uploads\/2026\/02\/IMG-20251206-WA0008-1152x1536.jpg 1152w, https:\/\/elektro-koba.hr\/wp-content\/uploads\/2026\/02\/IMG-20251206-WA0008.jpg 1200w\" sizes=\"(max-width: 768px) 100vw, 768px\" \/><\/figure>\n\n\n\n<figure class=\"wp-block-image size-large\"><img decoding=\"async\" width=\"768\" height=\"1024\" data-id=\"1924\" src=\"https:\/\/elektro-koba.hr\/wp-content\/uploads\/2026\/02\/IMG-20251206-WA0013-768x1024.jpg\" alt=\"\" class=\"wp-image-1924\" srcset=\"https:\/\/elektro-koba.hr\/wp-content\/uploads\/2026\/02\/IMG-20251206-WA0013-768x1024.jpg 768w, https:\/\/elektro-koba.hr\/wp-content\/uploads\/2026\/02\/IMG-20251206-WA0013-225x300.jpg 225w, https:\/\/elektro-koba.hr\/wp-content\/uploads\/2026\/02\/IMG-20251206-WA0013-1152x1536.jpg 1152w, https:\/\/elektro-koba.hr\/wp-content\/uploads\/2026\/02\/IMG-20251206-WA0013.jpg 1200w\" sizes=\"(max-width: 768px) 100vw, 768px\" \/><\/figure>\n\n\n\n<figure class=\"wp-block-image size-large\"><img loading=\"lazy\" decoding=\"async\" width=\"1024\" height=\"768\" data-id=\"1928\" src=\"https:\/\/elektro-koba.hr\/wp-content\/uploads\/2026\/02\/IMG-20251129-WA0159-1024x768.jpg\" alt=\"\" class=\"wp-image-1928\" srcset=\"https:\/\/elektro-koba.hr\/wp-content\/uploads\/2026\/02\/IMG-20251129-WA0159-1024x768.jpg 1024w, https:\/\/elektro-koba.hr\/wp-content\/uploads\/2026\/02\/IMG-20251129-WA0159-300x225.jpg 300w, https:\/\/elektro-koba.hr\/wp-content\/uploads\/2026\/02\/IMG-20251129-WA0159-768x576.jpg 768w, https:\/\/elektro-koba.hr\/wp-content\/uploads\/2026\/02\/IMG-20251129-WA0159-1536x1152.jpg 1536w, https:\/\/elektro-koba.hr\/wp-content\/uploads\/2026\/02\/IMG-20251129-WA0159.jpg 1600w\" sizes=\"(max-width: 1024px) 100vw, 1024px\" \/><\/figure>\n\n\n\n<figure class=\"wp-block-image size-large\"><img loading=\"lazy\" decoding=\"async\" width=\"768\" height=\"1024\" data-id=\"1927\" src=\"https:\/\/elektro-koba.hr\/wp-content\/uploads\/2026\/02\/IMG-20251129-WA0161-768x1024.jpg\" alt=\"\" class=\"wp-image-1927\" srcset=\"https:\/\/elektro-koba.hr\/wp-content\/uploads\/2026\/02\/IMG-20251129-WA0161-768x1024.jpg 768w, https:\/\/elektro-koba.hr\/wp-content\/uploads\/2026\/02\/IMG-20251129-WA0161-225x300.jpg 225w, https:\/\/elektro-koba.hr\/wp-content\/uploads\/2026\/02\/IMG-20251129-WA0161-1152x1536.jpg 1152w, https:\/\/elektro-koba.hr\/wp-content\/uploads\/2026\/02\/IMG-20251129-WA0161.jpg 1200w\" sizes=\"(max-width: 768px) 100vw, 768px\" \/><\/figure>\n\n\n\n<figure class=\"wp-block-image size-large\"><img loading=\"lazy\" decoding=\"async\" width=\"768\" height=\"1024\" data-id=\"1926\" src=\"https:\/\/elektro-koba.hr\/wp-content\/uploads\/2026\/02\/IMG-20251129-WA0165-768x1024.jpg\" alt=\"\" class=\"wp-image-1926\" srcset=\"https:\/\/elektro-koba.hr\/wp-content\/uploads\/2026\/02\/IMG-20251129-WA0165-768x1024.jpg 768w, https:\/\/elektro-koba.hr\/wp-content\/uploads\/2026\/02\/IMG-20251129-WA0165-225x300.jpg 225w, https:\/\/elektro-koba.hr\/wp-content\/uploads\/2026\/02\/IMG-20251129-WA0165-1152x1536.jpg 1152w, https:\/\/elektro-koba.hr\/wp-content\/uploads\/2026\/02\/IMG-20251129-WA0165.jpg 1200w\" sizes=\"(max-width: 768px) 100vw, 768px\" \/><\/figure>\n<\/figure>\n<\/div><\/div>","protected":false},"excerpt":{"rendered":"<p>Izvodimo monta\u017eu i provjeru gromobranske instalacije za za\u0161titu objekata od udara munje i prenapona.Radimo prema pravilima struke i sigurnosnim standardima. Usluge uklju\u010duju:\u2022 postavljanje gromobranske instalacije\u2022 uzemljenje i mjerenje otpora\u2022 pregled i ispitivanje sustava\u2022 sanaciju postoje\u0107ih instalacija Sigurnost objekta po\u010dinje dobrom za\u0161titom.<\/p>","protected":false},"author":1,"featured_media":0,"parent":0,"menu_order":0,"comment_status":"closed","ping_status":"closed","template":"","meta":{"_uag_custom_page_level_css":"","site-sidebar-layout":"default","site-content-layout":"","ast-site-content-layout":"default","site-content-style":"default","site-sidebar-style":"default","ast-global-header-display":"","ast-banner-title-visibility":"","ast-main-header-display":"","ast-hfb-above-header-display":"","ast-hfb-below-header-display":"","ast-hfb-mobile-header-display":"","site-post-title":"disabled","ast-breadcrumbs-content":"","ast-featured-img":"","footer-sml-layout":"","ast-disable-related-posts":"","theme-transparent-header-meta":"","adv-header-id-meta":"","stick-header-meta":"","header-above-stick-meta":"","header-main-stick-meta":"","header-below-stick-meta":"","astra-migrate-meta-layouts":"set","ast-page-background-enabled":"default","ast-page-background-meta":{"desktop":{"background-color":"","background-image":"","background-repeat":"repeat","background-position":"center center","background-size":"auto","background-attachment":"scroll","background-type":"","background-media":"","overlay-type":"","overlay-color":"","overlay-opacity":"","overlay-gradient":""},"tablet":{"background-color":"","background-image":"","background-repeat":"repeat","background-position":"center center","background-size":"auto","background-attachment":"scroll","background-type":"","background-media":"","overlay-type":"","overlay-color":"","overlay-opacity":"","overlay-gradient":""},"mobile":{"background-color":"","background-image":"","background-repeat":"repeat","background-position":"center center","background-size":"auto","background-attachment":"scroll","background-type":"","background-media":"","overlay-type":"","overlay-color":"","overlay-opacity":"","overlay-gradient":""}},"ast-content-background-meta":{"desktop":{"background-color":"var(--ast-global-color-4)","background-image":"","background-repeat":"repeat","background-position":"center center","background-size":"auto","background-attachment":"scroll","background-type":"","background-media":"","overlay-type":"","overlay-color":"","overlay-opacity":"","overlay-gradient":""},"tablet":{"background-color":"var(--ast-global-color-4)","background-image":"","background-repeat":"repeat","background-position":"center center","background-size":"auto","background-attachment":"scroll","background-type":"","background-media":"","overlay-type":"","overlay-color":"","overlay-opacity":"","overlay-gradient":""},"mobile":{"background-color":"var(--ast-global-color-4)","background-image":"","background-repeat":"repeat","background-position":"center center","background-size":"auto","background-attachment":"scroll","background-type":"","background-media":"","overlay-type":"","overlay-color":"","overlay-opacity":"","overlay-gradient":""}},"footnotes":""},"class_list":["post-1921","page","type-page","status-publish","hentry"],"aioseo_notices":[],"_hostinger_reach_plugin_has_subscription_block":false,"_hostinger_reach_plugin_is_elementor":false,"uagb_featured_image_src":{"full":false,"thumbnail":false,"medium":false,"medium_large":false,"large":false,"ufg_200_200":false,"ufg_300_300":false,"ufg_400_400":false,"1536x1536":false,"2048x2048":false,"trp-custom-language-flag":false},"uagb_author_info":{"display_name":"kobadoo.info@gmail.com","author_link":"https:\/\/elektro-koba.hr\/en\/author\/kobadoo-infogmail-com\/"},"uagb_comment_info":0,"uagb_excerpt":"Izvodimo monta\u017eu i provjeru gromobranske instalacije za za\u0161titu objekata od udara munje i prenapona.Radimo prema pravilima struke i sigurnosnim standardima. Usluge uklju\u010duju:\u2022 postavljanje gromobranske instalacije\u2022 uzemljenje i mjerenje otpora\u2022 pregled i ispitivanje sustava\u2022 sanaciju postoje\u0107ih instalacija Sigurnost objekta po\u010dinje dobrom za\u0161titom.","_links":{"self":[{"href":"https:\/\/elektro-koba.hr\/en\/wp-json\/wp\/v2\/pages\/1921","targetHints":{"allow":["GET"]}}],"collection":[{"href":"https:\/\/elektro-koba.hr\/en\/wp-json\/wp\/v2\/pages"}],"about":[{"href":"https:\/\/elektro-koba.hr\/en\/wp-json\/wp\/v2\/types\/page"}],"author":[{"embeddable":true,"href":"https:\/\/elektro-koba.hr\/en\/wp-json\/wp\/v2\/users\/1"}],"replies":[{"embeddable":true,"href":"https:\/\/elektro-koba.hr\/en\/wp-json\/wp\/v2\/comments?post=1921"}],"version-history":[{"count":4,"href":"https:\/\/elektro-koba.hr\/en\/wp-json\/wp\/v2\/pages\/1921\/revisions"}],"predecessor-version":[{"id":2002,"href":"https:\/\/elektro-koba.hr\/en\/wp-json\/wp\/v2\/pages\/1921\/revisions\/2002"}],"wp:attachment":[{"href":"https:\/\/elektro-koba.hr\/en\/wp-json\/wp\/v2\/media?parent=1921"}],"curies":[{"name":"wp","href":"https:\/\/api.w.org\/{rel}","templated":true}]}}