{"id":29,"date":"2026-02-09T16:10:06","date_gmt":"2026-02-09T16:10:06","guid":{"rendered":"http:\/\/elektro-koba.hr\/about\/"},"modified":"2026-03-03T12:07:27","modified_gmt":"2026-03-03T12:07:27","slug":"about","status":"publish","type":"page","link":"https:\/\/elektro-koba.hr\/en\/about\/","title":{"rendered":"About us"},"content":{"rendered":"<div class=\"wp-block-uagb-container uagb-block-20ef0fba alignfull uagb-is-root-container\"><div class=\"uagb-container-inner-blocks-wrap\">\n<div class=\"wp-block-uagb-advanced-heading uagb-block-55022895\"><h1 class=\"uagb-heading-text\">ABOUT US<\/h1><\/div>\n<\/div><\/div>\n\n\n\n<div class=\"wp-block-uagb-container uagb-block-b8bac119 alignfull uagb-is-root-container\"><div class=\"uagb-container-inner-blocks-wrap\">\n<div class=\"wp-block-uagb-container uagb-layout-grid uagb-block-7aedc3ee\">\n<div class=\"wp-block-uagb-advanced-heading uagb-block-e0eb9e2a\"><h2 class=\"uagb-heading-text\">WE ARE A TEAM OF PROFESSIONAL ELECTRICIANS<\/h2><div class=\"uagb-separator\"><\/div><\/div>\n\n\n\n<div class=\"wp-block-uagb-advanced-heading uagb-block-3cf3a8dc\"><p class=\"uagb-heading-text\">Ko-Ba d.o.o. je specijalizirana tvrtka za elektroinstalacijske radove sa sjedi\u0161tem na otoku Krku. Izvodimo sve vrste elektro radova \u2013 od kompletnih elektroinstalacija u novogradnji, adaptacija stanova i ku\u0107a, do fine monta\u017ee rasvjete i modernih elektro rje\u0161enja za stambene i poslovne prostore.<br>\u00a0<br>Radimo na podru\u010dju otoka Krka i cijele Primorsko-goranske \u017eupanije. Ako tra\u017eite pouzdanog elektri\u010dara za stan, ku\u0107u, apartman ili poslovni objekt, osiguravamo stru\u010dnu izvedbu, sigurnost i dugotrajnost svake instalacije.<br>\u00a0<br>Na\u0161 tim kombinira iskustvo, preciznost i moderan pristup elektroinstalacijama kako bi svaki prostor bio funkcionalan, siguran i estetski dovr\u0161en. Posebnu pa\u017enju posve\u0107ujemo urednosti izvo\u0111enja radova i po\u0161tivanju dogovorenih rokova.<br>\u00a0<br>Na\u0161 cilj je pru\u017eiti dugoro\u010dno i sigurno rje\u0161enje za svaki objekt. Sve radove izvodimo u skladu s va\u017ee\u0107im standardima i tehni\u010dkim propisima, uz profesionalan pristup i jasnu komunikaciju s klijentima.<\/p><\/div>\n<\/div>\n\n\n\n<div class=\"wp-block-uagb-container uag-blocks-common-selector uagb-block-362cc2f4\">\n<div class=\"wp-block-uagb-advanced-heading uagb-block-0cd5d3ae\"><h5 class=\"uagb-heading-text\">WE OFFER COMPLETE ELECTRICAL INSTALLATION SERVICES<\/h5><\/div>\n<\/div>\n<\/div><\/div>\n\n\n\n<div class=\"wp-block-uagb-container uag-blocks-common-selector uagb-layout-grid uagb-block-460c5fd6 alignfull uagb-is-root-container\"><div class=\"uagb-container-inner-blocks-wrap\">\n<div class=\"wp-block-uagb-advanced-heading uagb-block-77e63846\"><h2 class=\"uagb-heading-text\">OUR MISSION<\/h2><div class=\"uagb-separator\"><\/div><\/div>\n\n\n\n<div class=\"wp-block-uagb-advanced-heading uagb-block-e449d0e6\"><p class=\"uagb-heading-text\">Our mission is to provide safe, high-quality, and long-lasting electrical installation services for homes, apartments, and commercial buildings. We approach every project professionally, respecting deadlines and the highest safety standards.<br><br>We focus on reliability, neatness, and precision in our work, as well as long-term customer satisfaction. Whether it is new installations, renovations, or service interventions, our goal is to provide functional and safe solutions.<\/p><\/div>\n<\/div><\/div>\n\n\n\n<div class=\"wp-block-uagb-container uagb-layout-grid uagb-block-c6db9915 alignfull uagb-is-root-container\"><div class=\"uagb-container-inner-blocks-wrap\">\n<div class=\"wp-block-uagb-advanced-heading uagb-block-0dc55ff5\"><h2 class=\"uagb-heading-text\">WHY CHOOSE US<\/h2><div class=\"uagb-separator\"><\/div><p class=\"uagb-desc-text\">We are dedicated to high-quality, safe, and reliable electrical installation work. We approach every project professionally, responsibly, and with full respect for deadlines.<\/p><\/div>\n\n\n\n<div class=\"wp-block-uagb-container uagb-block-3206ab72\">\n<div class=\"wp-block-uagb-icon-list uagb-block-5555bfb2\"><div class=\"uagb-icon-list__wrap\">\n<div class=\"wp-block-uagb-icon-list-child uagb-block-18bf6bff\"><span class=\"uagb-icon-list__source-wrap\"><svg xmlns=\"https:\/\/www.w3.org\/2000\/svg\" viewbox=\"0 0 448 512\"><path d=\"M400 288h-352c-17.69 0-32-14.32-32-32.01s14.31-31.99 32-31.99h352c17.69 0 32 14.3 32 31.99S417.7 288 400 288z\"><\/path><\/svg><\/span><span class=\"uagb-icon-list__label\">Professional and safe execution<\/span><\/div>\n\n\n\n<div class=\"wp-block-uagb-icon-list-child uagb-block-cfadfd47\"><span class=\"uagb-icon-list__source-wrap\"><svg xmlns=\"https:\/\/www.w3.org\/2000\/svg\" viewbox=\"0 0 448 512\"><path d=\"M400 288h-352c-17.69 0-32-14.32-32-32.01s14.31-31.99 32-31.99h352c17.69 0 32 14.3 32 31.99S417.7 288 400 288z\"><\/path><\/svg><\/span><span class=\"uagb-icon-list__label\">Fast response and reliable service<\/span><\/div>\n\n\n\n<div class=\"wp-block-uagb-icon-list-child uagb-block-31082e9d\"><span class=\"uagb-icon-list__source-wrap\"><svg xmlns=\"https:\/\/www.w3.org\/2000\/svg\" viewbox=\"0 0 448 512\"><path d=\"M400 288h-352c-17.69 0-32-14.32-32-32.01s14.31-31.99 32-31.99h352c17.69 0 32 14.3 32 31.99S417.7 288 400 288z\"><\/path><\/svg><\/span><span class=\"uagb-icon-list__label\">Quality materials and long-lasting solutions<\/span><\/div>\n\n\n\n<div class=\"wp-block-uagb-icon-list-child uagb-block-30af38a8\"><span class=\"uagb-icon-list__source-wrap\"><svg xmlns=\"https:\/\/www.w3.org\/2000\/svg\" viewbox=\"0 0 448 512\"><path d=\"M400 288h-352c-17.69 0-32-14.32-32-32.01s14.31-31.99 32-31.99h352c17.69 0 32 14.3 32 31.99S417.7 288 400 288z\"><\/path><\/svg><\/span><span class=\"uagb-icon-list__label\">Experience in residential and commercial buildings<\/span><\/div>\n\n\n\n<div class=\"wp-block-uagb-icon-list-child uagb-block-43cf3b90\"><span class=\"uagb-icon-list__source-wrap\"><svg xmlns=\"https:\/\/www.w3.org\/2000\/svg\" viewbox=\"0 0 448 512\"><path d=\"M400 288h-352c-17.69 0-32-14.32-32-32.01s14.31-31.99 32-31.99h352c17.69 0 32 14.3 32 31.99S417.7 288 400 288z\"><\/path><\/svg><\/span><span class=\"uagb-icon-list__label\">We work with professional and modern tools<\/span><\/div>\n<\/div><\/div>\n\n\n\n<div class=\"wp-block-uagb-icon-list uagb-block-0057996a\"><div class=\"uagb-icon-list__wrap\">\n<div class=\"wp-block-uagb-icon-list-child uagb-block-123a0a0f\"><span class=\"uagb-icon-list__source-wrap\"><svg xmlns=\"https:\/\/www.w3.org\/2000\/svg\" viewbox=\"0 0 448 512\"><path d=\"M400 288h-352c-17.69 0-32-14.32-32-32.01s14.31-31.99 32-31.99h352c17.69 0 32 14.3 32 31.99S417.7 288 400 288z\"><\/path><\/svg><\/span><span class=\"uagb-icon-list__label\">Transparent pricing with no hidden costs<\/span><\/div>\n\n\n\n<div class=\"wp-block-uagb-icon-list-child uagb-block-65f64b2b\"><span class=\"uagb-icon-list__source-wrap\"><svg xmlns=\"https:\/\/www.w3.org\/2000\/svg\" viewbox=\"0 0 448 512\"><path d=\"M400 288h-352c-17.69 0-32-14.32-32-32.01s14.31-31.99 32-31.99h352c17.69 0 32 14.3 32 31.99S417.7 288 400 288z\"><\/path><\/svg><\/span><span class=\"uagb-icon-list__label\">Installation of distribution panels and protection systems<\/span><\/div>\n\n\n\n<div class=\"wp-block-uagb-icon-list-child uagb-block-565f685c\"><span class=\"uagb-icon-list__source-wrap\"><svg xmlns=\"https:\/\/www.w3.org\/2000\/svg\" viewbox=\"0 0 448 512\"><path d=\"M400 288h-352c-17.69 0-32-14.32-32-32.01s14.31-31.99 32-31.99h352c17.69 0 32 14.3 32 31.99S417.7 288 400 288z\"><\/path><\/svg><\/span><span class=\"uagb-icon-list__label\">Renovations and new installations<\/span><\/div>\n\n\n\n<div class=\"wp-block-uagb-icon-list-child uagb-block-f5fc12cc\"><span class=\"uagb-icon-list__source-wrap\"><svg xmlns=\"https:\/\/www.w3.org\/2000\/svg\" viewbox=\"0 0 448 512\"><path d=\"M400 288h-352c-17.69 0-32-14.32-32-32.01s14.31-31.99 32-31.99h352c17.69 0 32 14.3 32 31.99S417.7 288 400 288z\"><\/path><\/svg><\/span><span class=\"uagb-icon-list__label\">Reliable support and consulting<\/span><\/div>\n\n\n\n<div class=\"wp-block-uagb-icon-list-child uagb-block-6bb20789\"><span class=\"uagb-icon-list__source-wrap\"><svg xmlns=\"https:\/\/www.w3.org\/2000\/svg\" viewbox=\"0 0 448 512\"><path d=\"M400 288h-352c-17.69 0-32-14.32-32-32.01s14.31-31.99 32-31.99h352c17.69 0 32 14.3 32 31.99S417.7 288 400 288z\"><\/path><\/svg><\/span><span class=\"uagb-icon-list__label\">Easy and clear communication<\/span><\/div>\n<\/div><\/div>\n<\/div>\n<\/div><\/div>","protected":false},"excerpt":{"rendered":"<p>O NAMA MI SMO TIM PROFESIONALNIH ELEKTRI\u010cARA Ko-Ba d.o.o. je specijalizirana tvrtka za elektroinstalacijske radove sa sjedi\u0161tem na otoku Krku. Izvodimo sve vrste elektro radova \u2013 od kompletnih elektroinstalacija u novogradnji, adaptacija stanova i ku\u0107a, do fine monta\u017ee rasvjete i modernih elektro rje\u0161enja za stambene i poslovne prostore.\u00a0Radimo na podru\u010dju otoka Krka i cijele Primorsko-goranske \u017eupanije. Ako tra\u017eite pouzdanog elektri\u010dara za stan, ku\u0107u, apartman ili poslovni objekt, osiguravamo stru\u010dnu izvedbu, sigurnost i dugotrajnost svake instalacije.\u00a0Na\u0161 tim kombinira iskustvo, preciznost i moderan pristup elektroinstalacijama kako bi svaki prostor bio funkcionalan, siguran i estetski dovr\u0161en. Posebnu pa\u017enju posve\u0107ujemo urednosti izvo\u0111enja radova i po\u0161tivanju dogovorenih rokova.\u00a0Na\u0161 cilj je pru\u017eiti dugoro\u010dno i sigurno rje\u0161enje za svaki objekt. Sve radove izvodimo u skladu s va\u017ee\u0107im standardima i tehni\u010dkim propisima, uz profesionalan pristup i jasnu komunikaciju s klijentima. NUDIMO KOMPLETNE ELEKTROINSTALACIJSKE USLUGE NA\u0160A MISIJA Na\u0161a misija je pru\u017eiti sigurne, kvalitetne i dugotrajne elektroinstalacijske usluge za ku\u0107anstva, apartmane i poslovne objekte. Svakom projektu pristupamo profesionalno, uz po\u0161tivanje rokova i najvi\u0161ih sigurnosnih standarda. Fokusirani smo na pouzdanost, urednost i preciznost u radu, kao i na dugoro\u010dno zadovoljstvo klijenata. Bez obzira radi li se o novim instalacijama, adaptacijama ili servisnim intervencijama, cilj nam je osigurati funkcionalna i sigurna rje\u0161enja. ZA\u0160TO ODABRATI NAS Posve\u0107eni smo kvalitetnoj, sigurnoj i pouzdanoj izvedbi elektroinstalacijskih radova. Svakom projektu pristupamo profesionalno, odgovorno i uz maksimalno po\u0161tivanje rokova.<\/p>","protected":false},"author":1,"featured_media":0,"parent":0,"menu_order":0,"comment_status":"closed","ping_status":"closed","template":"","meta":{"_uag_custom_page_level_css":"","site-sidebar-layout":"no-sidebar","site-content-layout":"plain-container","ast-site-content-layout":"normal-width-container","site-content-style":"unboxed","site-sidebar-style":"unboxed","ast-global-header-display":"","ast-banner-title-visibility":"","ast-main-header-display":"","ast-hfb-above-header-display":"","ast-hfb-below-header-display":"","ast-hfb-mobile-header-display":"","site-post-title":"disabled","ast-breadcrumbs-content":"","ast-featured-img":"","footer-sml-layout":"","ast-disable-related-posts":"","theme-transparent-header-meta":"enabled","adv-header-id-meta":"","stick-header-meta":"","header-above-stick-meta":"","header-main-stick-meta":"","header-below-stick-meta":"","astra-migrate-meta-layouts":"set","ast-page-background-enabled":"default","ast-page-background-meta":{"desktop":{"background-color":"","background-image":"","background-repeat":"repeat","background-position":"center center","background-size":"auto","background-attachment":"scroll","background-type":"","background-media":"","overlay-type":"","overlay-color":"","overlay-opacity":"","overlay-gradient":""},"tablet":{"background-color":"","background-image":"","background-repeat":"repeat","background-position":"center center","background-size":"auto","background-attachment":"scroll","background-type":"","background-media":"","overlay-type":"","overlay-color":"","overlay-opacity":"","overlay-gradient":""},"mobile":{"background-color":"","background-image":"","background-repeat":"repeat","background-position":"center center","background-size":"auto","background-attachment":"scroll","background-type":"","background-media":"","overlay-type":"","overlay-color":"","overlay-opacity":"","overlay-gradient":""}},"ast-content-background-meta":{"desktop":{"background-color":"var(--ast-global-color-4)","background-image":"","background-repeat":"repeat","background-position":"center center","background-size":"auto","background-attachment":"scroll","background-type":"","background-media":"","overlay-type":"","overlay-color":"","overlay-opacity":"","overlay-gradient":""},"tablet":{"background-color":"var(--ast-global-color-4)","background-image":"","background-repeat":"repeat","background-position":"center center","background-size":"auto","background-attachment":"scroll","background-type":"","background-media":"","overlay-type":"","overlay-color":"","overlay-opacity":"","overlay-gradient":""},"mobile":{"background-color":"var(--ast-global-color-4)","background-image":"","background-repeat":"repeat","background-position":"center center","background-size":"auto","background-attachment":"scroll","background-type":"","background-media":"","overlay-type":"","overlay-color":"","overlay-opacity":"","overlay-gradient":""}},"footnotes":""},"class_list":["post-29","page","type-page","status-publish","hentry"],"aioseo_notices":[],"_hostinger_reach_plugin_has_subscription_block":false,"_hostinger_reach_plugin_is_elementor":false,"uagb_featured_image_src":{"full":false,"thumbnail":false,"medium":false,"medium_large":false,"large":false,"ufg_200_200":false,"ufg_300_300":false,"ufg_400_400":false,"1536x1536":false,"2048x2048":false,"trp-custom-language-flag":false},"uagb_author_info":{"display_name":"kobadoo.info@gmail.com","author_link":"https:\/\/elektro-koba.hr\/en\/author\/kobadoo-infogmail-com\/"},"uagb_comment_info":0,"uagb_excerpt":"O NAMA MI SMO TIM PROFESIONALNIH ELEKTRI\u010cARA Ko-Ba d.o.o. je specijalizirana tvrtka za elektroinstalacijske radove sa sjedi\u0161tem na otoku Krku. Izvodimo sve vrste elektro radova \u2013 od kompletnih elektroinstalacija u novogradnji, adaptacija stanova i ku\u0107a, do fine monta\u017ee rasvjete i modernih elektro rje\u0161enja za stambene i poslovne prostore.\u00a0Radimo na podru\u010dju otoka Krka i cijele Primorsko-goranske&hellip;","_links":{"self":[{"href":"https:\/\/elektro-koba.hr\/en\/wp-json\/wp\/v2\/pages\/29","targetHints":{"allow":["GET"]}}],"collection":[{"href":"https:\/\/elektro-koba.hr\/en\/wp-json\/wp\/v2\/pages"}],"about":[{"href":"https:\/\/elektro-koba.hr\/en\/wp-json\/wp\/v2\/types\/page"}],"author":[{"embeddable":true,"href":"https:\/\/elektro-koba.hr\/en\/wp-json\/wp\/v2\/users\/1"}],"replies":[{"embeddable":true,"href":"https:\/\/elektro-koba.hr\/en\/wp-json\/wp\/v2\/comments?post=29"}],"version-history":[{"count":35,"href":"https:\/\/elektro-koba.hr\/en\/wp-json\/wp\/v2\/pages\/29\/revisions"}],"predecessor-version":[{"id":2500,"href":"https:\/\/elektro-koba.hr\/en\/wp-json\/wp\/v2\/pages\/29\/revisions\/2500"}],"wp:attachment":[{"href":"https:\/\/elektro-koba.hr\/en\/wp-json\/wp\/v2\/media?parent=29"}],"curies":[{"name":"wp","href":"https:\/\/api.w.org\/{rel}","templated":true}]}}