{"id":30,"date":"2026-02-09T16:10:06","date_gmt":"2026-02-09T16:10:06","guid":{"rendered":"http:\/\/elektro-koba.hr\/services\/"},"modified":"2026-02-16T16:51:19","modified_gmt":"2026-02-16T16:51:19","slug":"services","status":"publish","type":"page","link":"https:\/\/elektro-koba.hr\/en\/services\/","title":{"rendered":"Services"},"content":{"rendered":"<div class=\"wp-block-uagb-container uagb-block-20ef0fba alignfull uagb-is-root-container\"><div class=\"uagb-container-inner-blocks-wrap\">\n<div class=\"wp-block-uagb-advanced-heading uagb-block-55022895\"><h1 class=\"uagb-heading-text\">Services<\/h1><\/div>\n<\/div><\/div>\n\n\n\n<div class=\"wp-block-uagb-container uagb-block-ec14f937 alignfull uagb-is-root-container\"><div class=\"uagb-container-inner-blocks-wrap\">\n<div class=\"wp-block-uagb-container uagb-layout-grid uagb-block-f418e873\">\n<div class=\"wp-block-uagb-container uagb-block-c06370f4\">\n<div class=\"wp-block-uagb-info-box uagb-block-3975dcfd uagb-infobox__content-wrap  uagb-infobox-icon-above-title uagb-infobox-image-valign-top wp-block-uagb-info-box--has-margin\"><div class=\"uagb-infobox-margin-wrapper\"><div class=\"uagb-ifb-content\"><div class=\"uagb-ifb-title-wrap\"><h3 class=\"uagb-ifb-title\">NEW CONSTRUCTION<\/h3><\/div><p class=\"uagb-ifb-desc\">1<\/p><\/div><\/div><\/div>\n<\/div>\n\n\n\n<div class=\"wp-block-uagb-container uagb-block-6c9a6c33\">\n<div class=\"wp-block-uagb-advanced-heading uagb-block-ff4c1565\"><div class=\"uagb-separator\"><\/div><p class=\"uagb-heading-text\">We carry out complete electrical installations in new construction \u2013 from rough works to final installation. Safe, precise, and according to professional standards.<\/p><\/div>\n\n\n\n<div class=\"wp-block-uagb-buttons uagb-buttons__outer-wrap uagb-btn__default-btn uagb-btn-tablet__default-btn uagb-btn-mobile__default-btn uagb-block-59b421cf\"><div class=\"uagb-buttons__wrap uagb-buttons-layout-wrap\">\n<div class=\"wp-block-uagb-buttons-child uagb-buttons__outer-wrap uagb-block-22252c71 wp-block-button\"><div class=\"uagb-button__wrapper\"><a class=\"uagb-buttons-repeater wp-block-button__link\" aria-label=\"\" href=\"\/en\/novogradnja\/\" rel=\"follow noopener\" target=\"_self\" role=\"button\"><div class=\"uagb-button__link\">LEARN MORE<\/div><\/a><\/div><\/div>\n<\/div><\/div>\n<\/div>\n\n\n\n<div class=\"wp-block-uagb-image uagb-block-a2a3d7fd wp-block-uagb-image--layout-default wp-block-uagb-image--effect-static wp-block-uagb-image--align-none\"><figure class=\"wp-block-uagb-image__figure\"><img loading=\"lazy\" decoding=\"async\" srcset=\"https:\/\/elektro-koba.hr\/wp-content\/uploads\/2026\/02\/IMG-20260116-WA0002-225x300.jpg ,https:\/\/elektro-koba.hr\/wp-content\/uploads\/2026\/02\/IMG-20260116-WA0002.jpg 780w, https:\/\/elektro-koba.hr\/wp-content\/uploads\/2026\/02\/IMG-20260116-WA0002.jpg 360w\" sizes=\"auto, (max-width: 480px) 150px\" src=\"https:\/\/elektro-koba.hr\/wp-content\/uploads\/2026\/02\/IMG-20260116-WA0002-225x300.jpg\" alt=\"\" class=\"uag-image-1838\" width=\"225\" height=\"300\" title=\"IMG-20260116-WA0002\" role=\"img\"\/><\/figure><\/div>\n<\/div>\n\n\n\n<div class=\"wp-block-uagb-container uagb-layout-grid uagb-block-9148eac4\">\n<div class=\"wp-block-uagb-container uagb-block-49ab169c\">\n<div class=\"wp-block-uagb-info-box uagb-block-dc8d31f0 uagb-infobox__content-wrap  uagb-infobox-icon-above-title uagb-infobox-image-valign-top wp-block-uagb-info-box--has-margin\"><div class=\"uagb-infobox-margin-wrapper\"><div class=\"uagb-ifb-content\"><div class=\"uagb-ifb-title-wrap\"><h3 class=\"uagb-ifb-title\">RENOVATION<\/h3><\/div><p class=\"uagb-ifb-desc\">2<\/p><\/div><\/div><\/div>\n<\/div>\n\n\n\n<div class=\"wp-block-uagb-container uagb-block-4e10a02e\">\n<div class=\"wp-block-uagb-advanced-heading uagb-block-89777353\"><div class=\"uagb-separator\"><\/div><p class=\"uagb-heading-text\">We renovate and modernize existing electrical installations in apartments, houses, and commercial spaces. Adapted to current conditions and new needs.<\/p><\/div>\n\n\n\n<div class=\"wp-block-uagb-buttons uagb-buttons__outer-wrap uagb-btn__default-btn uagb-btn-tablet__default-btn uagb-btn-mobile__default-btn uagb-block-0f1130df\"><div class=\"uagb-buttons__wrap uagb-buttons-layout-wrap\">\n<div class=\"wp-block-uagb-buttons-child uagb-buttons__outer-wrap uagb-block-42eb9255 wp-block-button\"><div class=\"uagb-button__wrapper\"><a class=\"uagb-buttons-repeater wp-block-button__link\" aria-label=\"\" href=\"\/en\/adaptacija\/\" rel=\"follow noopener\" target=\"_self\" role=\"button\"><div class=\"uagb-button__link\">LEARN MORE<\/div><\/a><\/div><\/div>\n<\/div><\/div>\n<\/div>\n\n\n\n<div class=\"wp-block-uagb-image uagb-block-225dbe4d wp-block-uagb-image--layout-default wp-block-uagb-image--effect-static wp-block-uagb-image--align-none\"><figure class=\"wp-block-uagb-image__figure\"><img loading=\"lazy\" decoding=\"async\" srcset=\"https:\/\/elektro-koba.hr\/wp-content\/uploads\/2026\/02\/IMG_2017-225x300.jpg ,https:\/\/elektro-koba.hr\/wp-content\/uploads\/2026\/02\/IMG_2017-scaled.jpg 780w, https:\/\/elektro-koba.hr\/wp-content\/uploads\/2026\/02\/IMG_2017-scaled.jpg 360w\" sizes=\"auto, (max-width: 480px) 150px\" src=\"https:\/\/elektro-koba.hr\/wp-content\/uploads\/2026\/02\/IMG_2017-225x300.jpg\" alt=\"\" class=\"uag-image-1832\" width=\"225\" height=\"300\" title=\"IMG_2017\" role=\"img\"\/><\/figure><\/div>\n<\/div>\n\n\n\n<div class=\"wp-block-uagb-container uagb-layout-grid uagb-block-19718e80\">\n<div class=\"wp-block-uagb-container uagb-block-3515494b\">\n<div class=\"wp-block-uagb-info-box uagb-block-15bff8ae uagb-infobox__content-wrap  uagb-infobox-icon-above-title uagb-infobox-image-valign-top wp-block-uagb-info-box--has-margin\"><div class=\"uagb-infobox-margin-wrapper\"><div class=\"uagb-ifb-content\"><div class=\"uagb-ifb-title-wrap\"><h3 class=\"uagb-ifb-title\">LIGHTING<\/h3><\/div><p class=\"uagb-ifb-desc\">3<\/p><\/div><\/div><\/div>\n<\/div>\n\n\n\n<div class=\"wp-block-uagb-container uagb-block-b114032e\">\n<div class=\"wp-block-uagb-advanced-heading uagb-block-ac860d65\"><div class=\"uagb-separator\"><\/div><p class=\"uagb-heading-text\">Design and installation of indoor and outdoor lighting \u2013 functional and aesthetic.<\/p><\/div>\n\n\n\n<div class=\"wp-block-uagb-buttons uagb-buttons__outer-wrap uagb-btn__default-btn uagb-btn-tablet__default-btn uagb-btn-mobile__default-btn uagb-block-0ebe0054\"><div class=\"uagb-buttons__wrap uagb-buttons-layout-wrap\">\n<div class=\"wp-block-uagb-buttons-child uagb-buttons__outer-wrap uagb-block-47387e41 wp-block-button\"><div class=\"uagb-button__wrapper\"><a class=\"uagb-buttons-repeater wp-block-button__link\" aria-label=\"\" href=\"\/en\/rasvjeta\/\" rel=\"follow noopener\" target=\"_self\" role=\"button\"><div class=\"uagb-button__link\">LEARN MORE<\/div><\/a><\/div><\/div>\n<\/div><\/div>\n<\/div>\n\n\n\n<div class=\"wp-block-uagb-image uagb-block-479d807a wp-block-uagb-image--layout-default wp-block-uagb-image--effect-static wp-block-uagb-image--align-none\"><figure class=\"wp-block-uagb-image__figure\"><img loading=\"lazy\" decoding=\"async\" srcset=\"https:\/\/elektro-koba.hr\/wp-content\/uploads\/2026\/02\/IMG-20251129-WA0155-225x300.jpg ,https:\/\/elektro-koba.hr\/wp-content\/uploads\/2026\/02\/IMG-20251129-WA0155.jpg 780w, https:\/\/elektro-koba.hr\/wp-content\/uploads\/2026\/02\/IMG-20251129-WA0155.jpg 360w\" sizes=\"auto, (max-width: 480px) 150px\" src=\"https:\/\/elektro-koba.hr\/wp-content\/uploads\/2026\/02\/IMG-20251129-WA0155-225x300.jpg\" alt=\"\" class=\"uag-image-1835\" width=\"225\" height=\"300\" title=\"IMG-20251129-WA0155\" role=\"img\"\/><\/figure><\/div>\n<\/div>\n\n\n\n<div class=\"wp-block-uagb-container uagb-layout-grid uagb-block-081b2b3c\">\n<div class=\"wp-block-uagb-container uagb-block-62117da2\">\n<div class=\"wp-block-uagb-info-box uagb-block-d9bad12a uagb-infobox__content-wrap  uagb-infobox-icon-above-title uagb-infobox-image-valign-top wp-block-uagb-info-box--has-margin\"><div class=\"uagb-infobox-margin-wrapper\"><div class=\"uagb-ifb-content\"><div class=\"uagb-ifb-title-wrap\"><h3 class=\"uagb-ifb-title\">FINAL INSTALLATION<\/h3><\/div><p class=\"uagb-ifb-desc\">4<\/p><\/div><\/div><\/div>\n<\/div>\n\n\n\n<div class=\"wp-block-uagb-container uagb-block-b61a1006\">\n<div class=\"wp-block-uagb-advanced-heading uagb-block-3489a54c\"><div class=\"uagb-separator\"><\/div><p class=\"uagb-heading-text\">Installation of sockets, switches, lighting, LED strips, chandeliers, and finishing electrical elements.<\/p><\/div>\n\n\n\n<div class=\"wp-block-uagb-buttons uagb-buttons__outer-wrap uagb-btn__default-btn uagb-btn-tablet__default-btn uagb-btn-mobile__default-btn uagb-block-39a59efd\"><div class=\"uagb-buttons__wrap uagb-buttons-layout-wrap\">\n<div class=\"wp-block-uagb-buttons-child uagb-buttons__outer-wrap uagb-block-3fa06337 wp-block-button\"><div class=\"uagb-button__wrapper\"><a class=\"uagb-buttons-repeater wp-block-button__link\" aria-label=\"\" href=\"\/en\/fina-montaza\/\" rel=\"follow noopener\" target=\"_self\" role=\"button\"><div class=\"uagb-button__link\">LEARN MORE<\/div><\/a><\/div><\/div>\n<\/div><\/div>\n<\/div>\n\n\n\n<div class=\"wp-block-uagb-image uagb-block-485af887 wp-block-uagb-image--layout-default wp-block-uagb-image--effect-static wp-block-uagb-image--align-none\"><figure class=\"wp-block-uagb-image__figure\"><img loading=\"lazy\" decoding=\"async\" srcset=\"https:\/\/elektro-koba.hr\/wp-content\/uploads\/2026\/02\/IMG-20251210-WA0008-225x300.jpg ,https:\/\/elektro-koba.hr\/wp-content\/uploads\/2026\/02\/IMG-20251210-WA0008.jpg 780w, https:\/\/elektro-koba.hr\/wp-content\/uploads\/2026\/02\/IMG-20251210-WA0008.jpg 360w\" sizes=\"auto, (max-width: 480px) 150px\" src=\"https:\/\/elektro-koba.hr\/wp-content\/uploads\/2026\/02\/IMG-20251210-WA0008-225x300.jpg\" alt=\"\" class=\"uag-image-1834\" width=\"225\" height=\"300\" title=\"IMG-20251210-WA0008\" role=\"img\"\/><\/figure><\/div>\n<\/div>\n\n\n\n<div class=\"wp-block-uagb-container uagb-block-f236ec1d\">\n<div class=\"wp-block-uagb-container uagb-block-eec7a045\">\n<div class=\"wp-block-uagb-info-box uagb-block-5cd8a01e uagb-infobox__content-wrap  uagb-infobox-icon-above-title uagb-infobox-image-valign-top wp-block-uagb-info-box--has-margin\"><div class=\"uagb-infobox-margin-wrapper\"><div class=\"uagb-ifb-content\"><div class=\"uagb-ifb-title-wrap\"><h3 class=\"uagb-ifb-title\">DISTRIBUTION BOARDS<\/h3><\/div><p class=\"uagb-ifb-desc\">5<\/p><\/div><\/div><\/div>\n<\/div>\n\n\n\n<div class=\"wp-block-uagb-container uagb-block-c481903d\">\n<div class=\"wp-block-uagb-advanced-heading uagb-block-3b1e2f41\"><div class=\"uagb-separator\"><\/div><p class=\"uagb-heading-text\">Installation and connection of distribution boards, circuit breakers, RCD protection, and complete system protection.<\/p><\/div>\n\n\n\n<div class=\"wp-block-uagb-buttons uagb-buttons__outer-wrap uagb-btn__default-btn uagb-btn-tablet__default-btn uagb-btn-mobile__default-btn uagb-block-451a9259\"><div class=\"uagb-buttons__wrap uagb-buttons-layout-wrap\">\n<div class=\"wp-block-uagb-buttons-child uagb-buttons__outer-wrap uagb-block-7ec829cd wp-block-button\"><div class=\"uagb-button__wrapper\"><a class=\"uagb-buttons-repeater wp-block-button__link\" aria-label=\"\" href=\"\/en\/razvodni-ormarici\/\" rel=\"follow noopener\" target=\"_self\" role=\"button\"><div class=\"uagb-button__link\">LEARN MORE<\/div><\/a><\/div><\/div>\n<\/div><\/div>\n<\/div>\n\n\n\n<div class=\"wp-block-uagb-container uagb-block-632efbcc\">\n<div class=\"wp-block-uagb-image uagb-block-2fa2390d wp-block-uagb-image--layout-default wp-block-uagb-image--effect-static wp-block-uagb-image--align-none\"><figure class=\"wp-block-uagb-image__figure\"><img loading=\"lazy\" decoding=\"async\" srcset=\"https:\/\/elektro-koba.hr\/wp-content\/uploads\/2026\/02\/IMG-20251130-WA0002-1-225x300.jpg ,https:\/\/elektro-koba.hr\/wp-content\/uploads\/2026\/02\/IMG-20251130-WA0002-1.jpg 780w, https:\/\/elektro-koba.hr\/wp-content\/uploads\/2026\/02\/IMG-20251130-WA0002-1.jpg 360w\" sizes=\"auto, (max-width: 480px) 150px\" src=\"https:\/\/elektro-koba.hr\/wp-content\/uploads\/2026\/02\/IMG-20251130-WA0002-1-225x300.jpg\" alt=\"\" class=\"uag-image-1836\" width=\"225\" height=\"300\" title=\"IMG-20251130-WA0002\" role=\"img\"\/><\/figure><\/div>\n<\/div>\n<\/div>\n\n\n\n<div class=\"wp-block-uagb-container uagb-block-cfd76906\">\n<div class=\"wp-block-uagb-container uagb-block-fafb5592\">\n<div class=\"wp-block-uagb-info-box uagb-block-a02b044e uagb-infobox__content-wrap  uagb-infobox-icon-above-title uagb-infobox-image-valign-top\"><div class=\"uagb-ifb-content\"><div class=\"uagb-ifb-title-wrap\"><h3 class=\"uagb-ifb-title\">LIGHTNING PROTECTION SYSTEMS<\/h3><\/div><p class=\"uagb-ifb-desc\">6<\/p><\/div><\/div>\n<\/div>\n\n\n\n<div class=\"wp-block-uagb-container uagb-block-5cf7a659\">\n<div class=\"wp-block-uagb-advanced-heading uagb-block-02536668\"><div class=\"uagb-separator\"><\/div><p class=\"uagb-heading-text\">Installation and testing of lightning protection systems for building and electrical system safety.<\/p><\/div>\n\n\n\n<div class=\"wp-block-uagb-buttons uagb-buttons__outer-wrap uagb-btn__default-btn uagb-btn-tablet__default-btn uagb-btn-mobile__default-btn uagb-block-e806c8fd\"><div class=\"uagb-buttons__wrap uagb-buttons-layout-wrap\">\n<div class=\"wp-block-uagb-buttons-child uagb-buttons__outer-wrap uagb-block-95c26c40 wp-block-button\"><div class=\"uagb-button__wrapper\"><a class=\"uagb-buttons-repeater wp-block-button__link\" aria-label=\"\" href=\"\/en\/gromobranske-instalacije\/\" rel=\"follow noopener\" target=\"_self\" role=\"button\"><div class=\"uagb-button__link\">LEARN MORE<\/div><\/a><\/div><\/div>\n<\/div><\/div>\n<\/div>\n\n\n\n<div class=\"wp-block-uagb-container uagb-block-75eae28d\">\n<div class=\"wp-block-uagb-image uagb-block-73d622c2 wp-block-uagb-image--layout-default wp-block-uagb-image--effect-static wp-block-uagb-image--align-none\"><figure class=\"wp-block-uagb-image__figure\"><img loading=\"lazy\" decoding=\"async\" srcset=\"https:\/\/elektro-koba.hr\/wp-content\/uploads\/2026\/02\/IMG-20251206-WA0009-225x300.jpg ,https:\/\/elektro-koba.hr\/wp-content\/uploads\/2026\/02\/IMG-20251206-WA0009.jpg 780w, https:\/\/elektro-koba.hr\/wp-content\/uploads\/2026\/02\/IMG-20251206-WA0009.jpg 360w\" sizes=\"auto, (max-width: 480px) 150px\" src=\"https:\/\/elektro-koba.hr\/wp-content\/uploads\/2026\/02\/IMG-20251206-WA0009-225x300.jpg\" alt=\"\" class=\"uag-image-1839\" width=\"225\" height=\"300\" title=\"IMG-20251206-WA0009\" role=\"img\"\/><\/figure><\/div>\n<\/div>\n<\/div>\n\n\n\n<div class=\"wp-block-uagb-container uagb-block-26a3f004\">\n<div class=\"wp-block-uagb-container uagb-block-a2fbdbd7\">\n<div class=\"wp-block-uagb-info-box uagb-block-d3d31e47 uagb-infobox__content-wrap  uagb-infobox-icon-above-title uagb-infobox-image-valign-top\"><div class=\"uagb-ifb-content\"><div class=\"uagb-ifb-title-wrap\"><h3 class=\"uagb-ifb-title\">SERVICE &amp; FAULT REPAIRS<\/h3><\/div><p class=\"uagb-ifb-desc\">7<\/p><\/div><\/div>\n<\/div>\n\n\n\n<div class=\"wp-block-uagb-container uagb-block-6219d8b8\">\n<div class=\"wp-block-uagb-advanced-heading uagb-block-57636ec2\"><div class=\"uagb-separator\"><\/div><p class=\"uagb-heading-text\">Fast response for electrical faults and installation problems. Available for urgent interventions and repairs.<br>Available for emergency interventions and repairs<\/p><\/div>\n\n\n\n<div class=\"wp-block-uagb-buttons uagb-buttons__outer-wrap uagb-btn__default-btn uagb-btn-tablet__default-btn uagb-btn-mobile__default-btn uagb-block-908b6b85\"><div class=\"uagb-buttons__wrap uagb-buttons-layout-wrap\">\n<div class=\"wp-block-uagb-buttons-child uagb-buttons__outer-wrap uagb-block-734fa9f5 wp-block-button\"><div class=\"uagb-button__wrapper\"><a class=\"uagb-buttons-repeater wp-block-button__link\" aria-label=\"\" href=\"\/en\/servisi-i-kvarovi\/\" rel=\"follow noopener\" target=\"_self\" role=\"button\"><div class=\"uagb-button__link\">LEARN MORE<\/div><\/a><\/div><\/div>\n<\/div><\/div>\n<\/div>\n<\/div>\n<\/div><\/div>\n\n\n\n<div class=\"wp-block-uagb-container uagb-block-57c0254e alignfull uagb-is-root-container\">\n<div class=\"wp-block-uagb-container uagb-block-bcfbc859\"><\/div>\n\n\n\n<div class=\"wp-block-uagb-container uagb-block-b920def0\">\n<div class=\"wp-block-uagb-advanced-heading uagb-block-d29200ed\"><h5 class=\"uagb-heading-text\">Power outage? Electrical fault? Circuit breaker keeps tripping?<br>Call us now \u2014 fast response, safe and professional service.<\/h5><\/div>\n\n\n\n<div class=\"wp-block-group is-nowrap is-layout-flex wp-container-core-group-is-layout-6c531013 wp-block-group-is-layout-flex\">\n<div class=\"wp-block-uagb-image alignleft uagb-block-60d6dfdc wp-block-uagb-image--layout-default wp-block-uagb-image--effect-static wp-block-uagb-image--align-left\"><figure class=\"wp-block-uagb-image__figure\"><a class=\"\" href=\"https:\/\/wa.me\/385915672866\" target=\"\" rel=\"noopener\"><img loading=\"lazy\" decoding=\"async\" srcset=\"https:\/\/elektro-koba.hr\/wp-content\/uploads\/2026\/02\/WhatsApp.svg-150x150.png ,https:\/\/elektro-koba.hr\/wp-content\/uploads\/2026\/02\/WhatsApp.svg-scaled.png 780w, https:\/\/elektro-koba.hr\/wp-content\/uploads\/2026\/02\/WhatsApp.svg-scaled.png 360w\" sizes=\"auto, (max-width: 480px) 150px\" src=\"https:\/\/elektro-koba.hr\/wp-content\/uploads\/2026\/02\/WhatsApp.svg-150x150.png\" alt=\"\" class=\"uag-image-1673\" width=\"80\" height=\"80\" title=\"WhatsApp.svg\" role=\"img\"\/><\/a><figcaption class=\"uagb-image-caption\">MATEO<\/figcaption><\/figure><\/div>\n\n\n\n<div class=\"wp-block-uagb-image alignleft uagb-block-702ca0bd wp-block-uagb-image--layout-default wp-block-uagb-image--effect-static wp-block-uagb-image--align-left\"><figure class=\"wp-block-uagb-image__figure\"><a class=\"\" href=\"http:\/\/wa.me\/385919138470\" target=\"\" rel=\"noopener\"><img loading=\"lazy\" decoding=\"async\" srcset=\"https:\/\/elektro-koba.hr\/wp-content\/uploads\/2026\/02\/WhatsApp.svg-150x150.png ,https:\/\/elektro-koba.hr\/wp-content\/uploads\/2026\/02\/WhatsApp.svg-scaled.png 780w, https:\/\/elektro-koba.hr\/wp-content\/uploads\/2026\/02\/WhatsApp.svg-scaled.png 360w\" sizes=\"auto, (max-width: 480px) 150px\" src=\"https:\/\/elektro-koba.hr\/wp-content\/uploads\/2026\/02\/WhatsApp.svg-150x150.png\" alt=\"\" class=\"uag-image-1673\" width=\"80\" height=\"80\" title=\"WhatsApp.svg\" role=\"img\"\/><\/a><figcaption class=\"uagb-image-caption\">IVAN<\/figcaption><\/figure><\/div>\n<\/div>\n<\/div>\n<\/div>","protected":false},"excerpt":{"rendered":"<p>Usluge Izvodimo kompletne elektroinstalacije u novogradnji \u2013 od grubih radova do zavr\u0161ne monta\u017ee. Sigurno, uredno i po pravilima struke. Obnavljamo i moderniziramo postoje\u0107e elektroinstalacije u stanovima, ku\u0107ama i poslovnim prostorima. Prilagodba postoje\u0107em stanju i novim potrebama. Projektiranje i monta\u017ea unutarnje i vanjske rasvjete \u2013 funkcionalno i estetski. Ugradnja uti\u010dnica, prekida\u010da, rasvjete, LED traka, lustera i zavr\u0161nih elektro elemenata. Monta\u017ea i spajanje razvodnih ormara, osigura\u010da, FID sklopki i kompletne za\u0161tite sustava. Izrada i ispitivanje gromobranske instalacije za za\u0161titu objekta i elektri\u010dnog sustava. Brza intervencija kod elektri\u010dnih kvarova i problema s instalacijom.Dostupni za hitne intervencije i popravke. Kvar? Nestanak struje? Iskakanje osigura\u010da?Nazovite nas odmah \u2014 dolazimo brzo, radimo sigurno i profesionalno.<\/p>","protected":false},"author":1,"featured_media":0,"parent":0,"menu_order":0,"comment_status":"closed","ping_status":"closed","template":"","meta":{"_uag_custom_page_level_css":"","site-sidebar-layout":"no-sidebar","site-content-layout":"plain-container","ast-site-content-layout":"normal-width-container","site-content-style":"unboxed","site-sidebar-style":"unboxed","ast-global-header-display":"","ast-banner-title-visibility":"","ast-main-header-display":"","ast-hfb-above-header-display":"","ast-hfb-below-header-display":"","ast-hfb-mobile-header-display":"","site-post-title":"disabled","ast-breadcrumbs-content":"","ast-featured-img":"disabled","footer-sml-layout":"","ast-disable-related-posts":"","theme-transparent-header-meta":"enabled","adv-header-id-meta":"","stick-header-meta":"","header-above-stick-meta":"","header-main-stick-meta":"","header-below-stick-meta":"","astra-migrate-meta-layouts":"set","ast-page-background-enabled":"default","ast-page-background-meta":{"desktop":{"background-color":"","background-image":"","background-repeat":"repeat","background-position":"center center","background-size":"auto","background-attachment":"scroll","background-type":"","background-media":"","overlay-type":"","overlay-color":"","overlay-opacity":"","overlay-gradient":""},"tablet":{"background-color":"","background-image":"","background-repeat":"repeat","background-position":"center center","background-size":"auto","background-attachment":"scroll","background-type":"","background-media":"","overlay-type":"","overlay-color":"","overlay-opacity":"","overlay-gradient":""},"mobile":{"background-color":"","background-image":"","background-repeat":"repeat","background-position":"center center","background-size":"auto","background-attachment":"scroll","background-type":"","background-media":"","overlay-type":"","overlay-color":"","overlay-opacity":"","overlay-gradient":""}},"ast-content-background-meta":{"desktop":{"background-color":"var(--ast-global-color-4)","background-image":"","background-repeat":"repeat","background-position":"center center","background-size":"auto","background-attachment":"scroll","background-type":"","background-media":"","overlay-type":"","overlay-color":"","overlay-opacity":"","overlay-gradient":""},"tablet":{"background-color":"var(--ast-global-color-4)","background-image":"","background-repeat":"repeat","background-position":"center center","background-size":"auto","background-attachment":"scroll","background-type":"","background-media":"","overlay-type":"","overlay-color":"","overlay-opacity":"","overlay-gradient":""},"mobile":{"background-color":"var(--ast-global-color-4)","background-image":"","background-repeat":"repeat","background-position":"center center","background-size":"auto","background-attachment":"scroll","background-type":"","background-media":"","overlay-type":"","overlay-color":"","overlay-opacity":"","overlay-gradient":""}},"footnotes":""},"class_list":["post-30","page","type-page","status-publish","hentry"],"aioseo_notices":[],"_hostinger_reach_plugin_has_subscription_block":false,"_hostinger_reach_plugin_is_elementor":false,"uagb_featured_image_src":{"full":false,"thumbnail":false,"medium":false,"medium_large":false,"large":false,"ufg_200_200":false,"ufg_300_300":false,"ufg_400_400":false,"1536x1536":false,"2048x2048":false,"trp-custom-language-flag":false},"uagb_author_info":{"display_name":"kobadoo.info@gmail.com","author_link":"https:\/\/elektro-koba.hr\/en\/author\/kobadoo-infogmail-com\/"},"uagb_comment_info":0,"uagb_excerpt":"Usluge Izvodimo kompletne elektroinstalacije u novogradnji \u2013 od grubih radova do zavr\u0161ne monta\u017ee. Sigurno, uredno i po pravilima struke. Obnavljamo i moderniziramo postoje\u0107e elektroinstalacije u stanovima, ku\u0107ama i poslovnim prostorima. Prilagodba postoje\u0107em stanju i novim potrebama. Projektiranje i monta\u017ea unutarnje i vanjske rasvjete \u2013 funkcionalno i estetski. Ugradnja uti\u010dnica, prekida\u010da, rasvjete, LED traka, lustera i&hellip;","_links":{"self":[{"href":"https:\/\/elektro-koba.hr\/en\/wp-json\/wp\/v2\/pages\/30","targetHints":{"allow":["GET"]}}],"collection":[{"href":"https:\/\/elektro-koba.hr\/en\/wp-json\/wp\/v2\/pages"}],"about":[{"href":"https:\/\/elektro-koba.hr\/en\/wp-json\/wp\/v2\/types\/page"}],"author":[{"embeddable":true,"href":"https:\/\/elektro-koba.hr\/en\/wp-json\/wp\/v2\/users\/1"}],"replies":[{"embeddable":true,"href":"https:\/\/elektro-koba.hr\/en\/wp-json\/wp\/v2\/comments?post=30"}],"version-history":[{"count":16,"href":"https:\/\/elektro-koba.hr\/en\/wp-json\/wp\/v2\/pages\/30\/revisions"}],"predecessor-version":[{"id":2269,"href":"https:\/\/elektro-koba.hr\/en\/wp-json\/wp\/v2\/pages\/30\/revisions\/2269"}],"wp:attachment":[{"href":"https:\/\/elektro-koba.hr\/en\/wp-json\/wp\/v2\/media?parent=30"}],"curies":[{"name":"wp","href":"https:\/\/api.w.org\/{rel}","templated":true}]}}